{"id":8,"date":"2015-03-19T12:01:06","date_gmt":"2015-03-19T12:01:06","guid":{"rendered":"http:\/\/www.emsherrgard.se\/wp\/?page_id=8"},"modified":"2018-04-06T14:56:51","modified_gmt":"2018-04-06T14:56:51","slug":"fiske-pa-em","status":"publish","type":"page","link":"https:\/\/www.emsherrgard.se\/?page_id=8","title":{"rendered":"Fiske p\u00e5 EM"},"content":{"rendered":"<p><img decoding=\"async\" loading=\"lazy\" class=\"alignnone size-full wp-image-119\" src=\"http:\/\/www.emsherrgard.se\/\/wp-content\/uploads\/2015\/03\/15.jpg\" alt=\"15\" width=\"400\" height=\"268\" srcset=\"https:\/\/www.emsherrgard.se\/wp-content\/uploads\/2015\/03\/15.jpg 400w, https:\/\/www.emsherrgard.se\/wp-content\/uploads\/2015\/03\/15-300x201.jpg 300w\" sizes=\"(max-width: 400px) 100vw, 400px\" \/><\/p>\n<h2>Fiske p\u00e5 EM<\/h2>\n<p>Em\u00e5n r\u00e4knas som ett av v\u00e4rldens absolut b\u00e4sta havs\u00f6ringsvatten.<br \/>\nH\u00e4r finns det inte bara mycket fisk, utan \u00e4ven de st\u00f6rsta havs\u00f6ringarna i v\u00e4rlden passerar herrg\u00e5rden p\u00e5 sin v\u00e4g till reproduktionsomr\u00e5dena. Gr\u00e4nsen f\u00f6r antal fiskare p\u00e5 v\u00e5ren \u00e4r 15 st\/dag, 12 st\/dag p\u00e5 h\u00f6sten, och fiskestr\u00e4ckan \u00e4r 4 km. Det\u00a0 finns alltid gott om fiskeplatser.<br \/>\nDe som fiskar p\u00e5 Ems Herrg\u00e5rd vet ocks\u00e5 vad sportmanship eller gentlemannaskap \u00e4r. H\u00e4r g\u00e5r en fiskare aldrig i framf\u00f6r en annan fiskande och b\u00f6rjar fiska, eller ockuperar samma pool allt f\u00f6r l\u00e4nge.<\/p>\n","protected":false},"excerpt":{"rendered":"<p>Fiske p\u00e5 EM Em\u00e5n r\u00e4knas som ett av v\u00e4rldens absolut b\u00e4sta havs\u00f6ringsvatten. H\u00e4r finns det inte bara mycket fisk, utan \u00e4ven de st\u00f6rsta havs\u00f6ringarna i v\u00e4rlden passerar herrg\u00e5rden p\u00e5 sin v\u00e4g till reproduktionsomr\u00e5dena. Gr\u00e4nsen f\u00f6r antal fiskare p\u00e5 v\u00e5ren \u00e4r 15 st\/dag, 12 st\/dag p\u00e5 h\u00f6sten, och fiskestr\u00e4ckan \u00e4r 4 km. Det\u00a0 finns alltid gott&hellip;<\/p>\n","protected":false},"author":1,"featured_media":0,"parent":0,"menu_order":0,"comment_status":"open","ping_status":"open","template":"","meta":[],"_links":{"self":[{"href":"https:\/\/www.emsherrgard.se\/index.php?rest_route=\/wp\/v2\/pages\/8"}],"collection":[{"href":"https:\/\/www.emsherrgard.se\/index.php?rest_route=\/wp\/v2\/pages"}],"about":[{"href":"https:\/\/www.emsherrgard.se\/index.php?rest_route=\/wp\/v2\/types\/page"}],"author":[{"embeddable":true,"href":"https:\/\/www.emsherrgard.se\/index.php?rest_route=\/wp\/v2\/users\/1"}],"replies":[{"embeddable":true,"href":"https:\/\/www.emsherrgard.se\/index.php?rest_route=%2Fwp%2Fv2%2Fcomments&post=8"}],"version-history":[{"count":3,"href":"https:\/\/www.emsherrgard.se\/index.php?rest_route=\/wp\/v2\/pages\/8\/revisions"}],"predecessor-version":[{"id":1165,"href":"https:\/\/www.emsherrgard.se\/index.php?rest_route=\/wp\/v2\/pages\/8\/revisions\/1165"}],"wp:attachment":[{"href":"https:\/\/www.emsherrgard.se\/index.php?rest_route=%2Fwp%2Fv2%2Fmedia&parent=8"}],"curies":[{"name":"wp","href":"https:\/\/api.w.org\/{rel}","templated":true}]}}