{"id":713,"date":"2015-03-27T14:53:55","date_gmt":"2015-03-27T14:53:55","guid":{"rendered":"http:\/\/www.emsherrgard.se\/wp\/?page_id=713"},"modified":"2015-03-29T14:10:50","modified_gmt":"2015-03-29T14:10:50","slug":"nyheter","status":"publish","type":"page","link":"https:\/\/www.emsherrgard.se\/?page_id=713","title":{"rendered":"Nyheter"},"content":{"rendered":"<p>[vc_row][vc_column width=&#8221;1\/1&#8243;]<div class=\"dt-shortcode with-isotope\"><div class=\"wf-container dt-blog-shortcode loading-effect-none description-under-image iso-container\" data-padding=\"20px\" data-cur-page=\"1\" data-posts-per-page=\"-1\" data-width=\"370px\" data-columns=\"3\">\n<div class=\"wf-cell iso-item category-3\" data-date=\"2026-05-04T11:26:22+00:00\" data-name=\"V\u00e5rfisket 2026\" data-post-id=\"1922\">\n<article class=\"post post-1922 type-post status-publish format-standard hentry category-nyheter no-img description-off\">\n\n\t<div class=\"blog-content wf-td\">\n\n\t\t<h2 class=\"entry-title\">\n\t\t<a href=\"https:\/\/www.emsherrgard.se\/?p=1922\" title=\"V\u00e5rfisket 2026\" rel=\"bookmark\">V\u00e5rfisket 2026<\/a>\n\t<\/h2>\n\n\t<p>V\u00e5rfisket 2026 avslutades med h\u00f6gsommarv\u00e4rme och bakande solsken. Havs\u00f6ringarna fick br\u00e5ttom att backa mot havet i det snabbt uppv\u00e4rmda l\u00e5gvattnet. De sista dagarna bj\u00f6d p\u00e5 en ovanlig situation med stora kontraster mellan luft- och vattentemperatur och d\u00e4rmed ovana fiskef\u00f6rh\u00e5llanden. Sista veckan av s\u00e4songen gav ocks\u00e5 bara enstaka f\u00e5ngster. Annars var \u00e5rets v\u00e5rs\u00e4song den b\u00e4sta p\u00e5&hellip;<\/p>\n\n\t\n\t\n\t\n<\/div>\n<\/article><!-- #post-1922 -->\n\n<\/div>\n<div class=\"wf-cell iso-item category-3\" data-date=\"2026-05-04T11:22:06+00:00\" data-name=\"De st\u00f6rsta v\u00e5r\u00f6ringarna 2026\" data-post-id=\"1920\">\n<article class=\"post post-1920 type-post status-publish format-standard hentry category-nyheter no-img description-off\">\n\n\t<div class=\"blog-content wf-td\">\n\n\t\t<h2 class=\"entry-title\">\n\t\t<a href=\"https:\/\/www.emsherrgard.se\/?p=1920\" title=\"De st\u00f6rsta v\u00e5r\u00f6ringarna 2026\" rel=\"bookmark\">De st\u00f6rsta v\u00e5r\u00f6ringarna 2026<\/a>\n\t<\/h2>\n\n\t\n<figure class=\"wp-block-table\"><table><tbody><tr><td><strong>Datum<\/strong><\/td><td><strong>Namn<\/strong><\/td><td><strong>L\u00e4ngd<\/strong><\/td><td><strong>K\u00f6n<\/strong><\/td><td><strong>Pool<\/strong><\/td><\/tr><tr><td>27\/3<\/td><td>Christer H\u00f6glund<\/td><td>93<\/td><td>Hane<\/td><td>Island<\/td><\/tr><tr><td>24\/3<\/td><td>Lennart Westerlund<\/td><td>92<\/td><td>Hona<\/td><td>Blackwater<\/td><\/tr><tr><td>3\/4<\/td><td>Claes Wedefelt<\/td><td>92<\/td><td>Hane<\/td><td>Old Man&#8217;s Place<\/td><\/tr><tr><td>5\/4<\/td><td>John S\u00e4tterman<\/td><td>92<\/td><td>Hane<\/td><td>Sea<\/td><\/tr><tr><td>6\/4<\/td><td>Jonas Fransson<\/td><td>92<\/td><td>Hane<\/td><td>Home<\/td><\/tr><tr><td>11\/4<\/td><td>Lars-Peter Gustafsson<\/td><td>92<\/td><td>Hona<\/td><td>Island<\/td><\/tr><tr><td>18\/4<\/td><td>Stefan Kaasalainen<\/td><td>92<\/td><td>Hane<\/td><td>Old Man&#8217;s Place<\/td><\/tr><tr><td>22\/4<\/td><td>Tomas Gottmo<\/td><td>91<\/td><td>Hane<\/td><td>Stone<\/td><\/tr><tr><td>25\/3<\/td><td>Tommy Andersson<\/td><td>90<\/td><td>Hane<\/td><td>Home<\/td><\/tr><tr><td>25\/3<\/td><td>Viktor Alfredsson<\/td><td>90<\/td><td>Hane<\/td><td>Lawson<\/td><\/tr><tr><td>8\/4<\/td><td>Torbj\u00f6rn Isacsson<\/td><td>90<\/td><td>Hane<\/td><td>Stone<\/td><\/tr><tr><td>9\/4<\/td><td>Oscar Florell<\/td><td>90<\/td><td>Hona<\/td><td>Ankarcrona<\/td><\/tr><tr><td>14\/4<\/td><td>Lennart Westerlund<\/td><td>90<\/td><td>Hona<\/td><td>Home<\/td><\/tr><tr><td>15\/4<\/td><td>Lars Feldt<\/td><td>90<\/td><td>Hane<\/td><td>Sea<\/td><\/tr><tr><td>16\/4<\/td><td>Bj\u00f6rn Sahlqvist<\/td><td>90<\/td><td>Hane<\/td><td>Home<\/td><\/tr><tr><td>21\/4<\/td><td>Magnus Hedenstr\u00f6m<\/td><td>90<\/td><td>Hane<\/td><td>Ankarcrona<\/td><\/tr><tr><td>22\/4<\/td><td>Ola Andersson<\/td><td>90 <\/td><td>Hona<\/td><td>Island<\/td><\/tr><\/tbody><\/table><\/figure>\n\n\n\n<p><\/p>\n\n\t\n\t\n\t\n<\/div>\n<\/article><!-- #post-1920 -->\n\n<\/div>\n<div class=\"wf-cell iso-item category-3\" data-date=\"2026-03-24T16:54:14+00:00\" data-name=\"Premi\u00e4r 2026\" data-post-id=\"1900\">\n<article class=\"post post-1900 type-post status-publish format-standard hentry category-nyheter no-img description-off\">\n\n\t<div class=\"blog-content wf-td\">\n\n\t\t<h2 class=\"entry-title\">\n\t\t<a href=\"https:\/\/www.emsherrgard.se\/?p=1900\" title=\"Premi\u00e4r 2026\" rel=\"bookmark\">Premi\u00e4r 2026<\/a>\n\t<\/h2>\n\n\t<p>Under m\u00e5ndagen var det s\u00e5 premi\u00e4r f\u00f6r det ber\u00f6mda fisket vid Em. Lite senare \u00e4n vanligt d\u00e5 det l\u00e4nge s\u00e5g besv\u00e4rligt ut med vinter, sn\u00f6 och is i januari och februari. Mars har dock bjudit p\u00e5 str\u00e5lande v\u00e5rv\u00e4der och isen \u00e4r borta sen att tag tillbaka. Efter en lite kylig morgon bj\u00f6ds det p\u00e5 h\u00e4rligt&hellip;<\/p>\n\n\t\n\t\n\t\n<\/div>\n<\/article><!-- #post-1900 -->\n\n<\/div>\n<div class=\"wf-cell iso-item category-3\" data-date=\"2025-10-01T20:28:02+00:00\" data-name=\"H\u00f6stfisket 2025\" data-post-id=\"1887\">\n<article class=\"post post-1887 type-post status-publish format-standard hentry category-nyheter no-img description-off\">\n\n\t<div class=\"blog-content wf-td\">\n\n\t\t<h2 class=\"entry-title\">\n\t\t<a href=\"https:\/\/www.emsherrgard.se\/?p=1887\" title=\"H\u00f6stfisket 2025\" rel=\"bookmark\">H\u00f6stfisket 2025<\/a>\n\t<\/h2>\n\n\t<p>Det klassiska H\u00f6stfisket p\u00e5 Em avslutades vid midnatt den sista september som brukligt. Under 2025 har Sm\u00e5land \u00e5ter igen pr\u00e4glats av vattenbrist, och det var med viss b\u00e4van som h\u00f6stfisket inleddes i slutet av augusti. Bra med fisk i poolerna och hyfsad vattentemperatur under den f\u00f6rsta fiskeveckan gav en del fina f\u00e5ngster. I starten av&hellip;<\/p>\n\n\t\n\t\n\t\n<\/div>\n<\/article><!-- #post-1887 -->\n\n<\/div>\n<div class=\"wf-cell iso-item category-3\" data-date=\"2025-10-01T10:17:54+00:00\" data-name=\"De st\u00f6rsta h\u00f6st\u00f6ringarna 2025\" data-post-id=\"1882\">\n<article class=\"post post-1882 type-post status-publish format-standard hentry category-nyheter no-img description-off\">\n\n\t<div class=\"blog-content wf-td\">\n\n\t\t<h2 class=\"entry-title\">\n\t\t<a href=\"https:\/\/www.emsherrgard.se\/?p=1882\" title=\"De st\u00f6rsta h\u00f6st\u00f6ringarna 2025\" rel=\"bookmark\">De st\u00f6rsta h\u00f6st\u00f6ringarna 2025<\/a>\n\t<\/h2>\n\n\t\n<figure class=\"wp-block-table aligncenter\"><table><tbody><tr><td><strong>Datum<\/strong><\/td><td><strong>Namn<\/strong><\/td><td><strong>L\u00e4ngd<\/strong><\/td><td><strong>K\u00f6n<\/strong><\/td><td><strong>Pool<\/strong><\/td><\/tr><tr><td>22\/9<\/td><td>Kent H\u00e5kansson<\/td><td>94<\/td><td>Hona<\/td><td>Ankarcrona<\/td><\/tr><tr><td>22\/8<\/td><td>Andreas M\u00f6ller-Nyg\u00e5rds<\/td><td>93<\/td><td>Hona<\/td><td>Pier<\/td><\/tr><tr><td>25\/9<\/td><td>Kent H\u00e5kansson<\/td><td>90<\/td><td>Hane<\/td><td>Barrett<\/td><\/tr><tr><td>30\/9<\/td><td>Peter Nilsson<\/td><td>90<\/td><td>Hane<\/td><td>Home<\/td><\/tr><tr><td>24\/9<\/td><td>Kent H\u00e5kansson<\/td><td>88<\/td><td>Hona<\/td><td>Ankarcrona<\/td><\/tr><tr><td>31\/8<\/td><td>John S\u00e4tterman<\/td><td>85<\/td><td>Hane<\/td><td>Sea<\/td><\/tr><tr><td>27\/9<\/td><td>Niclas Dansson<\/td><td>85<\/td><td>Hane<\/td><td>Sea<\/td><\/tr><tr><td>30\/8<\/td><td>John S\u00e4tterman<\/td><td>84<\/td><td>Hona<\/td><td>Sea<\/td><\/tr><tr><td>6\/9<\/td><td>Tobias Linde<\/td><td>84<\/td><td>Hona<\/td><td>Home<\/td><\/tr><tr><td>28\/9<\/td><td>Andreas M\u00f6ller-Nyg\u00e5rds<\/td><td>83<\/td><td>Hona<\/td><td>Home<\/td><\/tr><\/tbody><\/table><\/figure>\n\n\t\n\t\n\t\n<\/div>\n<\/article><!-- #post-1882 -->\n\n<\/div>\n<div class=\"wf-cell iso-item category-3\" data-date=\"2025-05-02T20:18:59+00:00\" data-name=\"De st\u00f6rsta v\u00e5r\u00f6ringarna 2025\" data-post-id=\"1856\">\n<article class=\"post post-1856 type-post status-publish format-standard hentry category-nyheter no-img description-off\">\n\n\t<div class=\"blog-content wf-td\">\n\n\t\t<h2 class=\"entry-title\">\n\t\t<a href=\"https:\/\/www.emsherrgard.se\/?p=1856\" title=\"De st\u00f6rsta v\u00e5r\u00f6ringarna 2025\" rel=\"bookmark\">De st\u00f6rsta v\u00e5r\u00f6ringarna 2025<\/a>\n\t<\/h2>\n\n\t\n<figure class=\"wp-block-table aligncenter\"><table><tbody><tr><td class=\"has-text-align-center\" data-align=\"center\"><strong>Datum<\/strong><\/td><td class=\"has-text-align-center\" data-align=\"center\"><strong>Namn<\/strong><\/td><td class=\"has-text-align-center\" data-align=\"center\"><strong>L\u00e4ngd<\/strong><\/td><td><strong>K\u00f6n<\/strong><\/td><td class=\"has-text-align-center\" data-align=\"center\"><strong>Pool<\/strong><\/td><\/tr><tr><td class=\"has-text-align-center\" data-align=\"center\">10\/4<\/td><td class=\"has-text-align-center\" data-align=\"center\">Thomas Helweg<\/td><td class=\"has-text-align-center\" data-align=\"center\">93<\/td><td>Hona<\/td><td class=\"has-text-align-center\" data-align=\"center\">Blackwater<\/td><\/tr><tr><td class=\"has-text-align-center\" data-align=\"center\">15\/4<\/td><td class=\"has-text-align-center\" data-align=\"center\">Henrik S. Larsen<\/td><td class=\"has-text-align-center\" data-align=\"center\">90<\/td><td>Hona<\/td><td class=\"has-text-align-center\" data-align=\"center\">Home<\/td><\/tr><tr><td class=\"has-text-align-center\" data-align=\"center\">22\/3<\/td><td class=\"has-text-align-center\" data-align=\"center\">Anders Wallgren<\/td><td class=\"has-text-align-center\" data-align=\"center\">89<\/td><td>Hane<\/td><td class=\"has-text-align-center\" data-align=\"center\">Old Man&#8217;s Place<\/td><\/tr><tr><td class=\"has-text-align-center\" data-align=\"center\">27\/3<\/td><td class=\"has-text-align-center\" data-align=\"center\">Daniel Bergman<\/td><td class=\"has-text-align-center\" data-align=\"center\">89<\/td><td>Hona<\/td><td class=\"has-text-align-center\" data-align=\"center\">Stone<\/td><\/tr><tr><td class=\"has-text-align-center\" data-align=\"center\">5\/4<\/td><td class=\"has-text-align-center\" data-align=\"center\">Christer Borkenhagen<\/td><td class=\"has-text-align-center\" data-align=\"center\">89<\/td><td>Hona<\/td><td class=\"has-text-align-center\" data-align=\"center\">Karlstr\u00f6m<\/td><\/tr><tr><td class=\"has-text-align-center\" data-align=\"center\">6\/4<\/td><td class=\"has-text-align-center\" data-align=\"center\">Niclas Dansson<\/td><td class=\"has-text-align-center\" data-align=\"center\">89<\/td><td>Hane<\/td><td class=\"has-text-align-center\" data-align=\"center\">Home<\/td><\/tr><tr><td class=\"has-text-align-center\" data-align=\"center\">7\/4<\/td><td class=\"has-text-align-center\" data-align=\"center\">Magnus Hedenstr\u00f6m<\/td><td class=\"has-text-align-center\" data-align=\"center\">89<\/td><td>Hane<\/td><td class=\"has-text-align-center\" data-align=\"center\">Stone<\/td><\/tr><tr><td class=\"has-text-align-center\" data-align=\"center\">18\/4<\/td><td class=\"has-text-align-center\" data-align=\"center\">Ola Pettersson<\/td><td class=\"has-text-align-center\" data-align=\"center\">89<\/td><td>Hane<\/td><td class=\"has-text-align-center\" data-align=\"center\">Ankarcrona<\/td><\/tr><tr><td class=\"has-text-align-center\" data-align=\"center\">18\/3<\/td><td class=\"has-text-align-center\" data-align=\"center\">Lars Berg<\/td><td class=\"has-text-align-center\" data-align=\"center\">88<\/td><td>Hona<\/td><td class=\"has-text-align-center\" data-align=\"center\">Blackwater<\/td><\/tr><tr><td class=\"has-text-align-center\" data-align=\"center\">9\/4<\/td><td class=\"has-text-align-center\" data-align=\"center\">Tomas Gottmo<\/td><td class=\"has-text-align-center\" data-align=\"center\">87<\/td><td>Hona<\/td><td class=\"has-text-align-center\" data-align=\"center\">Home<\/td><\/tr><tr><td class=\"has-text-align-center\" data-align=\"center\">11\/4<\/td><td class=\"has-text-align-center\" data-align=\"center\">Johan Sandberg<\/td><td class=\"has-text-align-center\" data-align=\"center\">87<\/td><td>Hona<\/td><td class=\"has-text-align-center\" data-align=\"center\">Home<\/td><\/tr><tr><td class=\"has-text-align-center\" data-align=\"center\">19\/4<\/td><td class=\"has-text-align-center\" data-align=\"center\">Meta Spors<\/td><td class=\"has-text-align-center\" data-align=\"center\">87<\/td><td>Hane<\/td><td class=\"has-text-align-center\" data-align=\"center\">Old Man&#8217;s Place<\/td><\/tr><\/tbody><\/table><\/figure>\n\n\t\n\t\n\t\n<\/div>\n<\/article><!-- #post-1856 -->\n\n<\/div>\n<div class=\"wf-cell iso-item category-3\" data-date=\"2025-05-02T20:04:08+00:00\" data-name=\"V\u00e5rfisket 2025\" data-post-id=\"1852\">\n<article class=\"post post-1852 type-post status-publish format-standard hentry category-nyheter no-img description-off\">\n\n\t<div class=\"blog-content wf-td\">\n\n\t\t<h2 class=\"entry-title\">\n\t\t<a href=\"https:\/\/www.emsherrgard.se\/?p=1852\" title=\"V\u00e5rfisket 2025\" rel=\"bookmark\">V\u00e5rfisket 2025<\/a>\n\t<\/h2>\n\n\t<p>P\u00e5 Valborgsm\u00e4ssoafton avslutades \u00e5rets v\u00e5rfiske vid Em under tr\u00e4dens v\u00e5rgr\u00f6na skimmer och med den svenska flaggan i topp. Det blev en ovanlig v\u00e5rs\u00e4song p\u00e5 flera s\u00e4tt. Syd\u00f6stra Sverige fick \u00e5terigen en mild vinter utan n\u00e5gon sn\u00f6, eller tj\u00e4le, att tala om. Detta i kombination med en extremt regnfattig inledning p\u00e5 2025, har medf\u00f6rt att Em\u00e5n&hellip;<\/p>\n\n\t\n\t\n\t\n<\/div>\n<\/article><!-- #post-1852 -->\n\n<\/div>\n<div class=\"wf-cell iso-item category-3\" data-date=\"2025-03-18T15:03:21+00:00\" data-name=\"Premi\u00e4r 2025\" data-post-id=\"1831\">\n<article class=\"post post-1831 type-post status-publish format-standard hentry category-nyheter no-img description-off\">\n\n\t<div class=\"blog-content wf-td\">\n\n\t\t<h2 class=\"entry-title\">\n\t\t<a href=\"https:\/\/www.emsherrgard.se\/?p=1831\" title=\"Premi\u00e4r 2025\" rel=\"bookmark\">Premi\u00e4r 2025<\/a>\n\t<\/h2>\n\n\t<p>Under m\u00e5ndagen startades \u00e5rets v\u00e5rfiskes\u00e4song upp vid Em med klassisk premi\u00e4r med h\u00e4rlig st\u00e4mning och k\u00e4ra \u00e5terseenden. De 15 inbjudna g\u00e4sterna h\u00e4lsades med en kall och klar morgon, flera minusgrader och is i sp\u00f6ringarna. \u00c4ven om solens str\u00e5lar v\u00e4rmde upp de frusna flugfiske-sj\u00e4larna n\u00e5got fram\u00e5t dagen gjorde en frisk, bitig nordanvind dem p\u00e5minda om att&hellip;<\/p>\n\n\t\n\t\n\t\n<\/div>\n<\/article><!-- #post-1831 -->\n\n<\/div>\n<div class=\"wf-cell iso-item category-3\" data-date=\"2024-10-01T13:51:34+00:00\" data-name=\"De st\u00f6rsta h\u00f6st\u00f6ringarna 2024\" data-post-id=\"1812\">\n<article class=\"post post-1812 type-post status-publish format-standard hentry category-nyheter no-img description-off\">\n\n\t<div class=\"blog-content wf-td\">\n\n\t\t<h2 class=\"entry-title\">\n\t\t<a href=\"https:\/\/www.emsherrgard.se\/?p=1812\" title=\"De st\u00f6rsta h\u00f6st\u00f6ringarna 2024\" rel=\"bookmark\">De st\u00f6rsta h\u00f6st\u00f6ringarna 2024<\/a>\n\t<\/h2>\n\n\t\n<figure class=\"wp-block-table aligncenter\"><table><tbody><tr><td class=\"has-text-align-center\" data-align=\"center\"><strong>Datum<\/strong><\/td><td class=\"has-text-align-center\" data-align=\"center\"><strong>Namn<\/strong><\/td><td class=\"has-text-align-center\" data-align=\"center\"><strong>L\u00e4ngd<\/strong><\/td><td><strong>K\u00f6n<\/strong><\/td><td class=\"has-text-align-center\" data-align=\"center\"><strong>Pool<\/strong><\/td><\/tr><tr><td class=\"has-text-align-center\" data-align=\"center\">15\/9<\/td><td class=\"has-text-align-center\" data-align=\"center\">Peter Nilsson<\/td><td class=\"has-text-align-center\" data-align=\"center\">98<\/td><td>Hane<\/td><td class=\"has-text-align-center\" data-align=\"center\">Sea<\/td><\/tr><tr><td class=\"has-text-align-center\" data-align=\"center\">25\/9<\/td><td class=\"has-text-align-center\" data-align=\"center\">Hans Engborg<\/td><td class=\"has-text-align-center\" data-align=\"center\">91<\/td><td>Hane<\/td><td class=\"has-text-align-center\" data-align=\"center\">Barrett<\/td><\/tr><tr><td class=\"has-text-align-center\" data-align=\"center\">5\/9<\/td><td class=\"has-text-align-center\" data-align=\"center\">Andreas M\u00f6ller-Nyg\u00e5rds<\/td><td class=\"has-text-align-center\" data-align=\"center\">89<\/td><td>Hane<\/td><td class=\"has-text-align-center\" data-align=\"center\">Sea<\/td><\/tr><tr><td class=\"has-text-align-center\" data-align=\"center\">24\/9<\/td><td class=\"has-text-align-center\" data-align=\"center\">Kent H\u00e5kansson<\/td><td class=\"has-text-align-center\" data-align=\"center\">86<\/td><td>Hona<\/td><td class=\"has-text-align-center\" data-align=\"center\">Barrett<\/td><\/tr><tr><td class=\"has-text-align-center\" data-align=\"center\">5\/9<\/td><td class=\"has-text-align-center\" data-align=\"center\">Dennis Kolbert<\/td><td class=\"has-text-align-center\" data-align=\"center\">85<\/td><td>Hane<\/td><td class=\"has-text-align-center\" data-align=\"center\">Sea<\/td><\/tr><tr><td class=\"has-text-align-center\" data-align=\"center\">28\/9<\/td><td class=\"has-text-align-center\" data-align=\"center\">Daniel Persson<\/td><td class=\"has-text-align-center\" data-align=\"center\">83<\/td><td>Hane<\/td><td class=\"has-text-align-center\" data-align=\"center\">Sea<\/td><\/tr><tr><td class=\"has-text-align-center\" data-align=\"center\">16\/9<\/td><td class=\"has-text-align-center\" data-align=\"center\">Andreas M\u00f6ller-Nyg\u00e5rds<\/td><td class=\"has-text-align-center\" data-align=\"center\">80<\/td><td>Hane<\/td><td class=\"has-text-align-center\" data-align=\"center\">Barrett<\/td><\/tr><tr><td class=\"has-text-align-center\" data-align=\"center\">2\/9<\/td><td class=\"has-text-align-center\" data-align=\"center\">John S\u00e4tterman<\/td><td class=\"has-text-align-center\" data-align=\"center\">79<\/td><td>Hane<\/td><td class=\"has-text-align-center\" data-align=\"center\">Sea<\/td><\/tr><tr><td class=\"has-text-align-center\" data-align=\"center\">5\/9<\/td><td class=\"has-text-align-center\" data-align=\"center\">Mikael Lindstr\u00f6m<\/td><td class=\"has-text-align-center\" data-align=\"center\">79<\/td><td>Hane<\/td><td class=\"has-text-align-center\" data-align=\"center\">Sea<\/td><\/tr><tr><td class=\"has-text-align-center\" data-align=\"center\">28\/9<\/td><td class=\"has-text-align-center\" data-align=\"center\">H\u00e5kan Norling<\/td><td class=\"has-text-align-center\" data-align=\"center\">78<\/td><td>Hona<\/td><td class=\"has-text-align-center\" data-align=\"center\">Home<\/td><\/tr><\/tbody><\/table><\/figure>\n\n\t\n\t\n\t\n<\/div>\n<\/article><!-- #post-1812 -->\n\n<\/div>\n<div class=\"wf-cell iso-item category-3\" data-date=\"2024-05-01T15:20:32+00:00\" data-name=\"V\u00e5rfisket 2024\" data-post-id=\"1776\">\n<article class=\"post post-1776 type-post status-publish format-standard hentry category-nyheter no-img description-off\">\n\n\t<div class=\"blog-content wf-td\">\n\n\t\t<h2 class=\"entry-title\">\n\t\t<a href=\"https:\/\/www.emsherrgard.se\/?p=1776\" title=\"V\u00e5rfisket 2024\" rel=\"bookmark\">V\u00e5rfisket 2024<\/a>\n\t<\/h2>\n\n\t<p>P\u00e5 Valborgsm\u00e4ssoafton avslutades den 100e v\u00e5rs\u00e4songen med betalande sportfiskare vid Em. De inledande marsveckorna bj\u00f6d p\u00e5 normalt marsv\u00e4der och ett bra havs\u00f6ringsfiske i gammal, god stil. Ett rej\u00e4lt bakslag p\u00e5 v\u00e5ren blev det efter p\u00e5sk och under den f\u00f6rsta veckan av april k\u00e4mpade fiskeg\u00e4sterna i minusgrader och rej\u00e4lt med sn\u00f6.\u00a0N\u00e4r t\u00f6v\u00e4der \u00e5terv\u00e4nde under andra aprilveckan&hellip;<\/p>\n\n\t\n\t\n\t\n<\/div>\n<\/article><!-- #post-1776 -->\n\n<\/div>\n<div class=\"wf-cell iso-item category-3\" data-date=\"2024-05-01T12:41:50+00:00\" data-name=\"De st\u00f6rsta v\u00e5r\u00f6ringarna 2024\" data-post-id=\"1774\">\n<article class=\"post post-1774 type-post status-publish format-standard hentry category-nyheter no-img description-off\">\n\n\t<div class=\"blog-content wf-td\">\n\n\t\t<h2 class=\"entry-title\">\n\t\t<a href=\"https:\/\/www.emsherrgard.se\/?p=1774\" title=\"De st\u00f6rsta v\u00e5r\u00f6ringarna 2024\" rel=\"bookmark\">De st\u00f6rsta v\u00e5r\u00f6ringarna 2024<\/a>\n\t<\/h2>\n\n\t\n<figure class=\"wp-block-table aligncenter\"><table><tbody><tr><td class=\"has-text-align-center\" data-align=\"center\"><strong>Datum<\/strong><\/td><td class=\"has-text-align-center\" data-align=\"center\"><strong>Namn<\/strong><\/td><td class=\"has-text-align-center\" data-align=\"center\"><strong>L\u00e4ngd<\/strong><\/td><td><strong>K\u00f6n<\/strong><\/td><td class=\"has-text-align-center\" data-align=\"center\"><strong>Pool<\/strong><\/td><\/tr><tr><td class=\"has-text-align-center\" data-align=\"center\">20\/3<\/td><td class=\"has-text-align-center\" data-align=\"center\">Karl \u00d6nning<\/td><td class=\"has-text-align-center\" data-align=\"center\">98<\/td><td>Hona<\/td><td class=\"has-text-align-center\" data-align=\"center\">Blackwater<\/td><\/tr><tr><td class=\"has-text-align-center\" data-align=\"center\">24\/3<\/td><td class=\"has-text-align-center\" data-align=\"center\">Christer Brokenhagen<\/td><td class=\"has-text-align-center\" data-align=\"center\">94<\/td><td>Hane<\/td><td class=\"has-text-align-center\" data-align=\"center\">Blackwater<\/td><\/tr><tr><td class=\"has-text-align-center\" data-align=\"center\">21\/3<\/td><td class=\"has-text-align-center\" data-align=\"center\">Michael Garbov<\/td><td class=\"has-text-align-center\" data-align=\"center\">92<\/td><td>Hane<\/td><td class=\"has-text-align-center\" data-align=\"center\">Fence<\/td><\/tr><tr><td class=\"has-text-align-center\" data-align=\"center\">19\/3<\/td><td class=\"has-text-align-center\" data-align=\"center\">Benny Lind<\/td><td class=\"has-text-align-center\" data-align=\"center\">90<\/td><td>Hane<\/td><td class=\"has-text-align-center\" data-align=\"center\">Ankarcrona<\/td><\/tr><tr><td class=\"has-text-align-center\" data-align=\"center\">1\/4<\/td><td class=\"has-text-align-center\" data-align=\"center\">Christer Borkenhagen<\/td><td class=\"has-text-align-center\" data-align=\"center\">90<\/td><td>Hane<\/td><td class=\"has-text-align-center\" data-align=\"center\">Mill<\/td><\/tr><tr><td class=\"has-text-align-center\" data-align=\"center\">9\/4<\/td><td class=\"has-text-align-center\" data-align=\"center\">David Elofsson<\/td><td class=\"has-text-align-center\" data-align=\"center\">88<\/td><td>Hane<\/td><td class=\"has-text-align-center\" data-align=\"center\">Old Man&#8217;s Place<\/td><\/tr><tr><td class=\"has-text-align-center\" data-align=\"center\">18\/3<\/td><td class=\"has-text-align-center\" data-align=\"center\">Finn Lajgaard<\/td><td class=\"has-text-align-center\" data-align=\"center\">87<\/td><td>Hane<\/td><td class=\"has-text-align-center\" data-align=\"center\">Old Man&#8217;s Place<\/td><\/tr><tr><td class=\"has-text-align-center\" data-align=\"center\">19\/3<\/td><td class=\"has-text-align-center\" data-align=\"center\">Niclas Dansson<\/td><td class=\"has-text-align-center\" data-align=\"center\">87<\/td><td>Hane<\/td><td class=\"has-text-align-center\" data-align=\"center\">Stone<\/td><\/tr><tr><td class=\"has-text-align-center\" data-align=\"center\">21\/3<\/td><td class=\"has-text-align-center\" data-align=\"center\">Jonathan Bulkeley <\/td><td class=\"has-text-align-center\" data-align=\"center\">87<\/td><td>Hane<\/td><td class=\"has-text-align-center\" data-align=\"center\">Mill<\/td><\/tr><tr><td class=\"has-text-align-center\" data-align=\"center\">1\/4<\/td><td class=\"has-text-align-center\" data-align=\"center\">Christer Borkenhagen<\/td><td class=\"has-text-align-center\" data-align=\"center\">87<\/td><td>Hane<\/td><td class=\"has-text-align-center\" data-align=\"center\">Barrett<\/td><\/tr><\/tbody><\/table><\/figure>\n\n\t\n\t\n\t\n<\/div>\n<\/article><!-- #post-1774 -->\n\n<\/div>\n<div class=\"wf-cell iso-item category-3\" data-date=\"2024-03-19T16:16:51+00:00\" data-name=\"Premi\u00e4r 2024\" data-post-id=\"1760\">\n<article class=\"post post-1760 type-post status-publish format-standard hentry category-nyheter no-img description-off\">\n\n\t<div class=\"blog-content wf-td\">\n\n\t\t<h2 class=\"entry-title\">\n\t\t<a href=\"https:\/\/www.emsherrgard.se\/?p=1760\" title=\"Premi\u00e4r 2024\" rel=\"bookmark\">Premi\u00e4r 2024<\/a>\n\t<\/h2>\n\n\t<p>M\u00e5ndagen markerade starten av den 100e s\u00e4songen av kommersiella sportfisket, eller sportfisketurism om man s\u00e5 vill, vid Ems herrg\u00e5rd. De 15 inbjudna g\u00e4sterna m\u00f6ttes av minusgrader, en isande kall nordanvind och en \u00e5 som brusade fram med dryga 50 kubik.\u00a0Bakslag p\u00e5 v\u00e5ren brukar inneb\u00e4ra tr\u00f6ga \u00f6ringar och s\u00e5 ocks\u00e5 denna g\u00e5ng. M\u00e5nga halvhj\u00e4rtade hugg och&hellip;<\/p>\n\n\t\n\t\n\t\n<\/div>\n<\/article><!-- #post-1760 -->\n\n<\/div><\/div><\/div>[\/vc_column][\/vc_row]<\/p>\n","protected":false},"excerpt":{"rendered":"<p>[vc_row][vc_column width=&#8221;1\/1&#8243;][\/vc_column][\/vc_row]<\/p>\n","protected":false},"author":1,"featured_media":0,"parent":0,"menu_order":0,"comment_status":"open","ping_status":"open","template":"","meta":[],"_links":{"self":[{"href":"https:\/\/www.emsherrgard.se\/index.php?rest_route=\/wp\/v2\/pages\/713"}],"collection":[{"href":"https:\/\/www.emsherrgard.se\/index.php?rest_route=\/wp\/v2\/pages"}],"about":[{"href":"https:\/\/www.emsherrgard.se\/index.php?rest_route=\/wp\/v2\/types\/page"}],"author":[{"embeddable":true,"href":"https:\/\/www.emsherrgard.se\/index.php?rest_route=\/wp\/v2\/users\/1"}],"replies":[{"embeddable":true,"href":"https:\/\/www.emsherrgard.se\/index.php?rest_route=%2Fwp%2Fv2%2Fcomments&post=713"}],"version-history":[{"count":3,"href":"https:\/\/www.emsherrgard.se\/index.php?rest_route=\/wp\/v2\/pages\/713\/revisions"}],"predecessor-version":[{"id":729,"href":"https:\/\/www.emsherrgard.se\/index.php?rest_route=\/wp\/v2\/pages\/713\/revisions\/729"}],"wp:attachment":[{"href":"https:\/\/www.emsherrgard.se\/index.php?rest_route=%2Fwp%2Fv2%2Fmedia&parent=713"}],"curies":[{"name":"wp","href":"https:\/\/api.w.org\/{rel}","templated":true}]}}