{"id":62,"date":"2015-03-19T12:16:25","date_gmt":"2015-03-19T12:16:25","guid":{"rendered":"http:\/\/www.emsherrgard.se\/wp\/?page_id=62"},"modified":"2015-03-23T15:32:54","modified_gmt":"2015-03-23T15:32:54","slug":"purschjakt","status":"publish","type":"page","link":"https:\/\/www.emsherrgard.se\/?page_id=62","title":{"rendered":"Purschjakt"},"content":{"rendered":"<h2>Purschjakt<\/h2>\n<p>De tv\u00e5 sista veckorna i augusti kan vi erbjuda p\u00fcrsch-jakt p\u00e5 r\u00e5bock. De som hittills haft f\u00f6rm\u00e5nen att prova p\u00e5 jakten s\u00e4ger att den \u00e4r intressant och sp\u00e4nnande. Det g\u00e5r sj\u00e4lvfallet att komma senare p\u00e5 s\u00e4songen ocks\u00e5.Inga trof\u00e8avgifter tillkommer.<\/p>\n<p><img decoding=\"async\" loading=\"lazy\" class=\" size-full wp-image-118 aligncenter\" src=\"http:\/\/www.emsherrgard.se\/\/wp-content\/uploads\/2015\/03\/14.jpg\" alt=\"14\" width=\"200\" height=\"262\" \/><\/p>\n","protected":false},"excerpt":{"rendered":"<p>Purschjakt De tv\u00e5 sista veckorna i augusti kan vi erbjuda p\u00fcrsch-jakt p\u00e5 r\u00e5bock. De som hittills haft f\u00f6rm\u00e5nen att prova p\u00e5 jakten s\u00e4ger att den \u00e4r intressant och sp\u00e4nnande. Det g\u00e5r sj\u00e4lvfallet att komma senare p\u00e5 s\u00e4songen ocks\u00e5.Inga trof\u00e8avgifter tillkommer.<\/p>\n","protected":false},"author":1,"featured_media":0,"parent":58,"menu_order":0,"comment_status":"open","ping_status":"open","template":"","meta":[],"_links":{"self":[{"href":"https:\/\/www.emsherrgard.se\/index.php?rest_route=\/wp\/v2\/pages\/62"}],"collection":[{"href":"https:\/\/www.emsherrgard.se\/index.php?rest_route=\/wp\/v2\/pages"}],"about":[{"href":"https:\/\/www.emsherrgard.se\/index.php?rest_route=\/wp\/v2\/types\/page"}],"author":[{"embeddable":true,"href":"https:\/\/www.emsherrgard.se\/index.php?rest_route=\/wp\/v2\/users\/1"}],"replies":[{"embeddable":true,"href":"https:\/\/www.emsherrgard.se\/index.php?rest_route=%2Fwp%2Fv2%2Fcomments&post=62"}],"version-history":[{"count":2,"href":"https:\/\/www.emsherrgard.se\/index.php?rest_route=\/wp\/v2\/pages\/62\/revisions"}],"predecessor-version":[{"id":209,"href":"https:\/\/www.emsherrgard.se\/index.php?rest_route=\/wp\/v2\/pages\/62\/revisions\/209"}],"up":[{"embeddable":true,"href":"https:\/\/www.emsherrgard.se\/index.php?rest_route=\/wp\/v2\/pages\/58"}],"wp:attachment":[{"href":"https:\/\/www.emsherrgard.se\/index.php?rest_route=%2Fwp%2Fv2%2Fmedia&parent=62"}],"curies":[{"name":"wp","href":"https:\/\/api.w.org\/{rel}","templated":true}]}}