{"id":60,"date":"2015-03-19T12:15:57","date_gmt":"2015-03-19T12:15:57","guid":{"rendered":"http:\/\/www.emsherrgard.se\/wp\/?page_id=60"},"modified":"2015-03-23T15:33:24","modified_gmt":"2015-03-23T15:33:24","slug":"drevjakt","status":"publish","type":"page","link":"https:\/\/www.emsherrgard.se\/?page_id=60","title":{"rendered":"Drevjakt"},"content":{"rendered":"<h2>Drevjakt<\/h2>\n<p>Fr\u00e5n oktober till januari erbjuder vi drev- och st\u00f6tjakter p\u00e5 framf\u00f6rallt r\u00e5djur men skottchanser p\u00e5 dovhjort kommer \u00e4ven att dyka upp. Under jakten har du som g\u00e4st fri avskjutning p\u00e5 r\u00e5djur p\u00e5 ett j\u00e4garm\u00e4ssigt s\u00e4tt. Har du egen jakthund som du vill ta med s\u00e5 \u00e4r det inga problem, vi f\u00f6rs\u00f6ker arrangera jakten efter dina \u00f6nskem\u00e5l. I grundpriset ing\u00e5r sedvanlig jaktledning, hund och hundf\u00f6rare samt lunch ute i skogen.<\/p>\n<p>&nbsp;<\/p>\n<p><img decoding=\"async\" loading=\"lazy\" class=\"alignnone size-full wp-image-115\" src=\"http:\/\/www.emsherrgard.se\/\/wp-content\/uploads\/2015\/03\/10_lingon.jpg\" alt=\"10_lingon\" width=\"226\" height=\"141\" \/><\/p>\n","protected":false},"excerpt":{"rendered":"<p>Drevjakt Fr\u00e5n oktober till januari erbjuder vi drev- och st\u00f6tjakter p\u00e5 framf\u00f6rallt r\u00e5djur men skottchanser p\u00e5 dovhjort kommer \u00e4ven att dyka upp. Under jakten har du som g\u00e4st fri avskjutning p\u00e5 r\u00e5djur p\u00e5 ett j\u00e4garm\u00e4ssigt s\u00e4tt. Har du egen jakthund som du vill ta med s\u00e5 \u00e4r det inga problem, vi f\u00f6rs\u00f6ker arrangera jakten efter&hellip;<\/p>\n","protected":false},"author":1,"featured_media":0,"parent":58,"menu_order":0,"comment_status":"open","ping_status":"open","template":"","meta":[],"_links":{"self":[{"href":"https:\/\/www.emsherrgard.se\/index.php?rest_route=\/wp\/v2\/pages\/60"}],"collection":[{"href":"https:\/\/www.emsherrgard.se\/index.php?rest_route=\/wp\/v2\/pages"}],"about":[{"href":"https:\/\/www.emsherrgard.se\/index.php?rest_route=\/wp\/v2\/types\/page"}],"author":[{"embeddable":true,"href":"https:\/\/www.emsherrgard.se\/index.php?rest_route=\/wp\/v2\/users\/1"}],"replies":[{"embeddable":true,"href":"https:\/\/www.emsherrgard.se\/index.php?rest_route=%2Fwp%2Fv2%2Fcomments&post=60"}],"version-history":[{"count":2,"href":"https:\/\/www.emsherrgard.se\/index.php?rest_route=\/wp\/v2\/pages\/60\/revisions"}],"predecessor-version":[{"id":204,"href":"https:\/\/www.emsherrgard.se\/index.php?rest_route=\/wp\/v2\/pages\/60\/revisions\/204"}],"up":[{"embeddable":true,"href":"https:\/\/www.emsherrgard.se\/index.php?rest_route=\/wp\/v2\/pages\/58"}],"wp:attachment":[{"href":"https:\/\/www.emsherrgard.se\/index.php?rest_route=%2Fwp%2Fv2%2Fmedia&parent=60"}],"curies":[{"name":"wp","href":"https:\/\/api.w.org\/{rel}","templated":true}]}}