{"id":58,"date":"2015-03-19T12:15:31","date_gmt":"2015-03-19T12:15:31","guid":{"rendered":"http:\/\/www.emsherrgard.se\/wp\/?page_id=58"},"modified":"2015-03-23T15:32:24","modified_gmt":"2015-03-23T15:32:24","slug":"jakt-pa-em","status":"publish","type":"page","link":"https:\/\/www.emsherrgard.se\/?page_id=58","title":{"rendered":"Jakt p\u00e5 EM"},"content":{"rendered":"<h2>Jakt p\u00e5 EM<\/h2>\n<p>Vid sidan om sportfisket har jakten alltid varit en viktig del p\u00e5 Em. Jaktens anor och traditioner str\u00e4cker sig l\u00e5ngt tillbaka i tiden. Nu kan vi erbjuda dig som g\u00e4st att \u00e4ven ta del av jakten h\u00e4r p\u00e5 Em. Marken omfattar ca 85% skog och ca 15% \u00e5ker och in\u00e4gomark med en mycket bra vilttillg\u00e5ng. Vi kan erbjuda p\u00fcrsch, drev- och st\u00f6tjakt p\u00e5 r\u00e5djur och dovhjort. Runt herrg\u00e5rden finns dessutom ett 220 hektar stort hjorth\u00e4gn med en bra och varierad stam av dovhjort. Logi p\u00e5 herrg\u00e5rden eller i n\u00e5gon av flyglarna kan kombineras i alla jaktarrangemang.<\/p>\n<p><img decoding=\"async\" loading=\"lazy\" class=\"alignnone size-full wp-image-114\" src=\"http:\/\/www.emsherrgard.se\/\/wp-content\/uploads\/2015\/03\/8.jpg\" alt=\"8\" width=\"290\" height=\"300\" \/><\/p>\n","protected":false},"excerpt":{"rendered":"<p>Jakt p\u00e5 EM Vid sidan om sportfisket har jakten alltid varit en viktig del p\u00e5 Em. Jaktens anor och traditioner str\u00e4cker sig l\u00e5ngt tillbaka i tiden. Nu kan vi erbjuda dig som g\u00e4st att \u00e4ven ta del av jakten h\u00e4r p\u00e5 Em. Marken omfattar ca 85% skog och ca 15% \u00e5ker och in\u00e4gomark med en&hellip;<\/p>\n","protected":false},"author":1,"featured_media":0,"parent":0,"menu_order":0,"comment_status":"open","ping_status":"open","template":"","meta":[],"_links":{"self":[{"href":"https:\/\/www.emsherrgard.se\/index.php?rest_route=\/wp\/v2\/pages\/58"}],"collection":[{"href":"https:\/\/www.emsherrgard.se\/index.php?rest_route=\/wp\/v2\/pages"}],"about":[{"href":"https:\/\/www.emsherrgard.se\/index.php?rest_route=\/wp\/v2\/types\/page"}],"author":[{"embeddable":true,"href":"https:\/\/www.emsherrgard.se\/index.php?rest_route=\/wp\/v2\/users\/1"}],"replies":[{"embeddable":true,"href":"https:\/\/www.emsherrgard.se\/index.php?rest_route=%2Fwp%2Fv2%2Fcomments&post=58"}],"version-history":[{"count":2,"href":"https:\/\/www.emsherrgard.se\/index.php?rest_route=\/wp\/v2\/pages\/58\/revisions"}],"predecessor-version":[{"id":200,"href":"https:\/\/www.emsherrgard.se\/index.php?rest_route=\/wp\/v2\/pages\/58\/revisions\/200"}],"wp:attachment":[{"href":"https:\/\/www.emsherrgard.se\/index.php?rest_route=%2Fwp%2Fv2%2Fmedia&parent=58"}],"curies":[{"name":"wp","href":"https:\/\/api.w.org\/{rel}","templated":true}]}}