{"id":5,"date":"2015-03-19T12:00:03","date_gmt":"2015-03-19T12:00:03","guid":{"rendered":"http:\/\/www.emsherrgard.se\/wp\/?page_id=5"},"modified":"2020-03-12T08:59:32","modified_gmt":"2020-03-12T08:59:32","slug":"hem","status":"publish","type":"page","link":"https:\/\/www.emsherrgard.se\/","title":{"rendered":"Hem"},"content":{"rendered":"<p>[vc_row][vc_column][vc_column_text]<a class=\"dt-single-image\" href=\"http:\/\/www.emsherrgard.se\/wp-content\/uploads\/2015\/03\/19.jpg\" data-dt-img-description=\"\"><img decoding=\"async\" loading=\"lazy\" class=\" size-full wp-image-129 aligncenter\" src=\"http:\/\/www.emsherrgard.se\/wp-content\/uploads\/2015\/03\/19.jpg\" alt=\"19\" width=\"500\" height=\"224\" srcset=\"https:\/\/www.emsherrgard.se\/wp-content\/uploads\/2015\/03\/19.jpg 500w, https:\/\/www.emsherrgard.se\/wp-content\/uploads\/2015\/03\/19-300x134.jpg 300w\" sizes=\"(max-width: 500px) 100vw, 500px\" \/><\/a><\/p>\n<h2 style=\"text-align: center;\">Ems Herrg\u00e5rd<\/h2>\n<p style=\"text-align: center;\">En unik milj\u00f6 i \u00f6stra Sm\u00e5land d\u00e4r flugfiske och jakt \u00e4r som b\u00e4st.<br \/>\nEms Herrg\u00e5rd har sedan generationer erbjudit flugfiskare m\u00f6jlighet att fiska och bo i en traditionell milj\u00f6.<br \/>\nVi erbjuder numera ocks\u00e5 jaktm\u00f6jlighet.<\/p>\n<p style=\"text-align: center;\">Gemensamt f\u00f6r alla aktiviteter \u00e4r den speciella historiska milj\u00f6n som vi v\u00e5rdar mycket \u00f6mt.<br \/>\nP\u00e5 v\u00e5r hemsida kan du l\u00e4sa om fisket och om jakten p\u00e5 Ems Herrg\u00e5rd.<br \/>\nDu kan ocks\u00e5 titta i v\u00e5rt bildgalleri f\u00f6r att f\u00e5 att l\u00e5ta dig inspireras av den unika milj\u00f6n.[\/vc_column_text][\/vc_column][\/vc_row]<\/p>\n","protected":false},"excerpt":{"rendered":"<p>[vc_row][vc_column][vc_column_text] Ems Herrg\u00e5rd En unik milj\u00f6 i \u00f6stra Sm\u00e5land d\u00e4r flugfiske och jakt \u00e4r som b\u00e4st. Ems Herrg\u00e5rd har sedan generationer erbjudit flugfiskare m\u00f6jlighet att fiska och bo i en traditionell milj\u00f6. Vi erbjuder numera ocks\u00e5 jaktm\u00f6jlighet. Gemensamt f\u00f6r alla aktiviteter \u00e4r den speciella historiska milj\u00f6n som vi v\u00e5rdar mycket \u00f6mt. P\u00e5 v\u00e5r hemsida kan&hellip;<\/p>\n","protected":false},"author":1,"featured_media":0,"parent":0,"menu_order":0,"comment_status":"open","ping_status":"open","template":"","meta":[],"_links":{"self":[{"href":"https:\/\/www.emsherrgard.se\/index.php?rest_route=\/wp\/v2\/pages\/5"}],"collection":[{"href":"https:\/\/www.emsherrgard.se\/index.php?rest_route=\/wp\/v2\/pages"}],"about":[{"href":"https:\/\/www.emsherrgard.se\/index.php?rest_route=\/wp\/v2\/types\/page"}],"author":[{"embeddable":true,"href":"https:\/\/www.emsherrgard.se\/index.php?rest_route=\/wp\/v2\/users\/1"}],"replies":[{"embeddable":true,"href":"https:\/\/www.emsherrgard.se\/index.php?rest_route=%2Fwp%2Fv2%2Fcomments&post=5"}],"version-history":[{"count":10,"href":"https:\/\/www.emsherrgard.se\/index.php?rest_route=\/wp\/v2\/pages\/5\/revisions"}],"predecessor-version":[{"id":1359,"href":"https:\/\/www.emsherrgard.se\/index.php?rest_route=\/wp\/v2\/pages\/5\/revisions\/1359"}],"wp:attachment":[{"href":"https:\/\/www.emsherrgard.se\/index.php?rest_route=%2Fwp%2Fv2%2Fmedia&parent=5"}],"curies":[{"name":"wp","href":"https:\/\/api.w.org\/{rel}","templated":true}]}}