{"id":37,"date":"2015-03-19T12:11:17","date_gmt":"2015-03-19T12:11:17","guid":{"rendered":"http:\/\/www.emsherrgard.se\/wp\/?page_id=37"},"modified":"2025-06-27T08:34:47","modified_gmt":"2025-06-27T08:34:47","slug":"kontakt","status":"publish","type":"page","link":"https:\/\/www.emsherrgard.se\/?page_id=37","title":{"rendered":"Kontakt"},"content":{"rendered":"<p>[vc_row][vc_column][vc_column_text]<\/p>\n<h2>Kontakt<\/h2>\n<p>F\u00f6r mer information om priser och arrangemang, ring eller skriv till n\u00e5gon av oss<img decoding=\"async\" loading=\"lazy\" class=\" size-full wp-image-110 alignright\" src=\"http:\/\/www.emsherrgard.se\/\/wp-content\/uploads\/2015\/03\/5.jpg\" alt=\"5\" width=\"250\" height=\"149\" \/><\/p>\n<p><strong>Fiskekontoret<\/strong> (mars-september)<br \/>\nKent H\u00e5kansson<br \/>\ntel. 070-547 86 16<\/p>\n<p><strong>F\u00f6rvaltning<\/strong>\u00a0(fastigheter)<br \/>\nCatarina Jansson<br \/>\nTel. 0491-910 87, 073-556 14 42<br \/>\ncatarina.jansson@emsherrgard.com<\/p>\n<p><b>F\u00f6rvaltning\u00a0<\/b>(skog)<br \/>\nCarl-Johan Savin<br \/>\nTel.072-531 24 85<br \/>\ncarl-johan.savin@susab.se<\/p>\n<p><strong>Jaktkontoret<br \/>\n<\/strong>Morgan Sandeen<br \/>\n072-361 80 18<br \/>\njakt@emsherrgard.se<\/p>\n<p><b>Adress: <\/b><br \/>\nEms Herrg\u00e5rd<b><br \/>\n<\/b>EM 301<br \/>\n383 91 M\u00f6nster\u00e5s, Sverige<\/p>\n<p>E-post:<br \/>\n<a href=\"mailto:info@emsherrgard.com\">info@emsherrgard.com<\/a>[\/vc_column_text][\/vc_column][\/vc_row]<\/p>\n","protected":false},"excerpt":{"rendered":"<p>[vc_row][vc_column][vc_column_text] Kontakt F\u00f6r mer information om priser och arrangemang, ring eller skriv till n\u00e5gon av oss Fiskekontoret (mars-september) Kent H\u00e5kansson tel. 070-547 86 16 F\u00f6rvaltning\u00a0(fastigheter) Catarina Jansson Tel. 0491-910 87, 073-556 14 42 catarina.jansson@emsherrgard.com F\u00f6rvaltning\u00a0(skog) Carl-Johan Savin Tel.072-531 24 85 carl-johan.savin@susab.se Jaktkontoret Morgan Sandeen 072-361 80 18 jakt@emsherrgard.se Adress: Ems Herrg\u00e5rd EM 301 383 91&hellip;<\/p>\n","protected":false},"author":1,"featured_media":0,"parent":0,"menu_order":0,"comment_status":"closed","ping_status":"closed","template":"","meta":[],"_links":{"self":[{"href":"https:\/\/www.emsherrgard.se\/index.php?rest_route=\/wp\/v2\/pages\/37"}],"collection":[{"href":"https:\/\/www.emsherrgard.se\/index.php?rest_route=\/wp\/v2\/pages"}],"about":[{"href":"https:\/\/www.emsherrgard.se\/index.php?rest_route=\/wp\/v2\/types\/page"}],"author":[{"embeddable":true,"href":"https:\/\/www.emsherrgard.se\/index.php?rest_route=\/wp\/v2\/users\/1"}],"replies":[{"embeddable":true,"href":"https:\/\/www.emsherrgard.se\/index.php?rest_route=%2Fwp%2Fv2%2Fcomments&post=37"}],"version-history":[{"count":15,"href":"https:\/\/www.emsherrgard.se\/index.php?rest_route=\/wp\/v2\/pages\/37\/revisions"}],"predecessor-version":[{"id":1864,"href":"https:\/\/www.emsherrgard.se\/index.php?rest_route=\/wp\/v2\/pages\/37\/revisions\/1864"}],"wp:attachment":[{"href":"https:\/\/www.emsherrgard.se\/index.php?rest_route=%2Fwp%2Fv2%2Fmedia&parent=37"}],"curies":[{"name":"wp","href":"https:\/\/api.w.org\/{rel}","templated":true}]}}