{"id":33,"date":"2015-03-19T12:10:28","date_gmt":"2015-03-19T12:10:28","guid":{"rendered":"http:\/\/www.emsherrgard.se\/wp\/?page_id=33"},"modified":"2015-03-20T15:48:36","modified_gmt":"2015-03-20T15:48:36","slug":"naturupplevelser","status":"publish","type":"page","link":"https:\/\/www.emsherrgard.se\/?page_id=33","title":{"rendered":"Naturupplevelser"},"content":{"rendered":"<p>[vc_row][vc_column width=&#8221;2\/3&#8243;][vc_column_text]<\/p>\n<h2>\u00d6vriga naturupplevelser<\/h2>\n<p>P\u00e5 Ems Herrg\u00e5rd kan man uppleva m\u00e5nga unika naturupplevelser:<\/p>\n<p><b> Att h\u00f6ra:<\/b><\/p>\n<ul>\n<li>Virvlande vatten i Oset<\/li>\n<li>Brusande \u00e5<\/li>\n<li>Hoppande laxar<\/li>\n<li>Br\u00f6lande dovhjortar<\/li>\n<li>Ljudet fr\u00e5n nattsk\u00e4rran<\/li>\n<li>L\u00e4ten fr\u00e5n vildg\u00e4ss<\/li>\n<li>Skrikande fasaner<\/li>\n<\/ul>\n<p><b>Att se:<\/b><\/p>\n<ul>\n<li>Bl\u00e5sipporna, vitsipporna och<br \/>\ngullvivorna p\u00e5 v\u00e5ren p\u00e5 \u00f6n<\/li>\n<li>Nattviol l\u00e4ngs \u00e5n<\/li>\n<li>Mullb\u00e4rstr\u00e4det p\u00e5 gaveln<\/li>\n<li>L\u00f6vskogen i parken (ek, bok, ask, lind, kastanj)<\/li>\n<li>Festkl\u00e4dda m\u00e4nniskor i kv\u00e4llssolen p\u00e5 g\u00e5rden vid stora huset<\/li>\n<li>Flugfiskare i \u00e5n med fisk p\u00e5 flugan<\/li>\n<li>Linneorna i skogen vid midsommar<\/li>\n<li>Tornflygarnas vilda flykt<\/li>\n<li>Fladderm\u00f6ssens kv\u00e4llsturer<\/li>\n<li>Hararnas skutt<\/li>\n<li>Dovhjortar inp\u00e5 knuten<\/li>\n<\/ul>\n<p>[\/vc_column_text][\/vc_column][vc_column width=&#8221;1\/3&#8243;][vc_column_text]<img decoding=\"async\" loading=\"lazy\" class=\"alignnone size-full wp-image-121\" src=\"http:\/\/www.emsherrgard.se\/\/wp-content\/uploads\/2015\/03\/17.jpg\" alt=\"17\" width=\"200\" height=\"200\" srcset=\"https:\/\/www.emsherrgard.se\/wp-content\/uploads\/2015\/03\/17.jpg 200w, https:\/\/www.emsherrgard.se\/wp-content\/uploads\/2015\/03\/17-150x150.jpg 150w\" sizes=\"(max-width: 200px) 100vw, 200px\" \/>[\/vc_column_text][\/vc_column][\/vc_row]<\/p>\n","protected":false},"excerpt":{"rendered":"<p>[vc_row][vc_column width=&#8221;2\/3&#8243;][vc_column_text] \u00d6vriga naturupplevelser P\u00e5 Ems Herrg\u00e5rd kan man uppleva m\u00e5nga unika naturupplevelser: Att h\u00f6ra: Virvlande vatten i Oset Brusande \u00e5 Hoppande laxar Br\u00f6lande dovhjortar Ljudet fr\u00e5n nattsk\u00e4rran L\u00e4ten fr\u00e5n vildg\u00e4ss Skrikande fasaner Att se: Bl\u00e5sipporna, vitsipporna och gullvivorna p\u00e5 v\u00e5ren p\u00e5 \u00f6n Nattviol l\u00e4ngs \u00e5n Mullb\u00e4rstr\u00e4det p\u00e5 gaveln L\u00f6vskogen i parken (ek, bok, ask,&hellip;<\/p>\n","protected":false},"author":1,"featured_media":0,"parent":0,"menu_order":0,"comment_status":"open","ping_status":"open","template":"","meta":[],"_links":{"self":[{"href":"https:\/\/www.emsherrgard.se\/index.php?rest_route=\/wp\/v2\/pages\/33"}],"collection":[{"href":"https:\/\/www.emsherrgard.se\/index.php?rest_route=\/wp\/v2\/pages"}],"about":[{"href":"https:\/\/www.emsherrgard.se\/index.php?rest_route=\/wp\/v2\/types\/page"}],"author":[{"embeddable":true,"href":"https:\/\/www.emsherrgard.se\/index.php?rest_route=\/wp\/v2\/users\/1"}],"replies":[{"embeddable":true,"href":"https:\/\/www.emsherrgard.se\/index.php?rest_route=%2Fwp%2Fv2%2Fcomments&post=33"}],"version-history":[{"count":4,"href":"https:\/\/www.emsherrgard.se\/index.php?rest_route=\/wp\/v2\/pages\/33\/revisions"}],"predecessor-version":[{"id":145,"href":"https:\/\/www.emsherrgard.se\/index.php?rest_route=\/wp\/v2\/pages\/33\/revisions\/145"}],"wp:attachment":[{"href":"https:\/\/www.emsherrgard.se\/index.php?rest_route=%2Fwp%2Fv2%2Fmedia&parent=33"}],"curies":[{"name":"wp","href":"https:\/\/api.w.org\/{rel}","templated":true}]}}