{"id":31,"date":"2015-03-19T12:09:22","date_gmt":"2015-03-19T12:09:22","guid":{"rendered":"http:\/\/www.emsherrgard.se\/wp\/?page_id=31"},"modified":"2015-03-20T15:29:09","modified_gmt":"2015-03-20T15:29:09","slug":"ems-historiska-fiske","status":"publish","type":"page","link":"https:\/\/www.emsherrgard.se\/?page_id=31","title":{"rendered":"Ems historiska fiske"},"content":{"rendered":"<p>[vc_row][vc_column width=&#8221;1\/4&#8243;][vc_column_text]<img decoding=\"async\" loading=\"lazy\" class=\"alignnone size-full wp-image-86\" src=\"http:\/\/www.emsherrgard.se\/\/wp-content\/uploads\/2015\/03\/Gustav-byter-fluga2.jpg\" alt=\"Gustav-byter-fluga2\" width=\"200\" height=\"232\" \/>[\/vc_column_text][vc_column_text]<img decoding=\"async\" loading=\"lazy\" class=\"alignnone size-full wp-image-88\" src=\"http:\/\/www.emsherrgard.se\/\/wp-content\/uploads\/2015\/03\/Gustav-i-an.jpg\" alt=\"Gustav-i-an\" width=\"200\" height=\"114\" \/>[\/vc_column_text][\/vc_column][vc_column width=&#8221;3\/4&#8243;][vc_column_text]Den som kanske ska r\u00e4knas som den mest k\u00e4nda av alla Emfiskare \u00e4r Gustaf Ulfsparre som har utvecklat sportfisket under 1900 talet.Fr\u00e5n 1924 arrenderade han fisket (sportfisket) av Ems fastighetsbolag fram till sin d\u00f6d 1987.K\u00e4nda flugm\u00f6nster Gustaf l\u00e4mnade efter sig var bl.a. &#8221;Bacchus&#8221; bunden och uppkallad efter familjens tax.<\/p>\n<p>Den kanske mest k\u00e4nda fluga som n\u00e5gonsin svept \u00f6ver Em\u00e5ns str\u00f6mmar \u00e4r &#8221;Em silver&#8221; som ocks\u00e5 \u00e4r Gustaf skapelse, f\u00e5 flugor har fler laxar och havs\u00f6ringar p\u00e5 sitt samvete.<\/p>\n<p>Gustafs son G\u00f6ran Ulfsparre har fortsatt faderns arbete med att v\u00e5rda havs\u00f6ring och laxfiske i Em\u00e5n med stort engagemang och kunskap.[\/vc_column_text][\/vc_column][\/vc_row][vc_row][vc_column width=&#8221;1\/4&#8243;][vc_column_text]<img decoding=\"async\" loading=\"lazy\" class=\"alignnone size-full wp-image-95\" src=\"http:\/\/www.emsherrgard.se\/\/wp-content\/uploads\/2015\/03\/Theodor-Ankarcrona.jpg\" alt=\"Theodor-Ankarcrona\" width=\"200\" height=\"231\" \/>[\/vc_column_text][\/vc_column][vc_column width=&#8221;3\/4&#8243;][vc_column_text]Theodor Ankarcrona var en aktad fiskare p\u00e5 sin tid. Han var hovj\u00e4gm\u00e4stare hos kungen och fideikommisarie p\u00e5 Boserup i Sk\u00e5ne och Runsa i Uppland. Theodor var \u00e4ven f\u00f6rfattare av artiklar i boken &#8221;Sportfiske i Sverige&#8221; och d\u00e4r omn\u00e4mns Emfisket som en viktig del.<\/p>\n<p>Under sina v\u00e5r och h\u00f6stfisken fr\u00e5n 1926-52 f\u00e5ngade han hela 793 havs\u00f6ringar och laxar vilket ger 30.5 fiskar per \u00e5r!!!<\/p>\n<p>Theodor Ankarcrona har ocks\u00e5 givit namn \u00e5t en av Ems Herrg\u00e5rds pooler, Ankarcrona Pool. Flugm\u00f6nster som han skapade var k\u00e4nda flugor som &#8221;Em Punsch&#8221; och Black Spain.[\/vc_column_text][\/vc_column][\/vc_row][vc_row][vc_column width=&#8221;1\/4&#8243;][vc_column_text]<img decoding=\"async\" loading=\"lazy\" class=\"alignnone size-full wp-image-97\" src=\"http:\/\/www.emsherrgard.se\/\/wp-content\/uploads\/2015\/03\/Walter-Claire-Crossley.jpg\" alt=\"Walter-Claire-Crossley\" width=\"200\" height=\"163\" \/>[\/vc_column_text][\/vc_column][vc_column width=&#8221;3\/4&#8243;][vc_column_text]Den som introducerade flytlinefisket vid Em genom att fetta in sin silkeslina var Anthony Crossley. Crossley r\u00e4knas till den som beh\u00e4rskat flugfisket av Ems havs\u00f6ringar b\u00e4st. Med flytlinefisket inleddes en ny epok, vilket Crossley ocks\u00e5 avspeglade i sitt val av flugor.<\/p>\n<p>Han ville ha flugor med mjukare material och tjockare vinge, s\u00e5 som &#8221;Barret Super Fly&#8221; eller &#8221;Wey Bug&#8221;. \u00c4ven hans egna m\u00f6nster som &#8221;Pilsener Fly&#8221; och &#8221;Silver Dawn&#8221; gav mycket och stor fisk. Crossley fiskade p\u00e5 Ems Herrg\u00e5rd f\u00f6rsta g\u00e5ngen 1928 f\u00f6r att sedan g\u00f6ra ett uppeh\u00e5ll fram till 1932.<\/p>\n<p>Han \u00e5terkom sedan varje v\u00e5r och h\u00f6st fram till 1938. Under sina \u00e5r d\u00e5 han g\u00e4stade Ems Herrg\u00e5rd f\u00e5ngade han 350 \u00f6ringar varav hela 31 st. v\u00e4gde \u00f6ver 10 kg! P\u00e5 norra sidan, precis d\u00e4r Home Pool rinner ut i Ankarcrona Pool finns en fiskeplats uppkallad efter Anthony Crossley, n\u00e4mligen &#8221;Crossleys Corner&#8221;.[\/vc_column_text][\/vc_column][\/vc_row][vc_row][vc_column width=&#8221;1\/1&#8243;][vc_empty_space height=&#8221;32px&#8221;][\/vc_column][\/vc_row][vc_row][vc_column width=&#8221;1\/4&#8243;][vc_column_text]<img decoding=\"async\" loading=\"lazy\" class=\"alignnone size-full wp-image-94\" src=\"http:\/\/www.emsherrgard.se\/\/wp-content\/uploads\/2015\/03\/Stig-Nilsson.jpg\" alt=\"Stig-Nilsson\" width=\"200\" height=\"294\" \/>[\/vc_column_text][\/vc_column][vc_column width=&#8221;3\/4&#8243;][vc_column_text]En Emfiskare som m\u00e5ste n\u00e4mnas i de h\u00e4r sammanhangen \u00e4r Stig Nilsson.<\/p>\n<p>Han \u00e4r ett f\u00f6red\u00f6me f\u00f6r alla Emfiskare och delar g\u00e4rna med sig av de erfarenheter han har. Stig har varit och \u00e4r en viktig del av biotopv\u00e5rden p\u00e5 Em, inte minst med sin stora och breda kunskap.<\/p>\n<p>Stigs v\u00e4rldsrekord \u00e4r redan n\u00e4mnt (se avsnittet om v\u00e4rldsrekorden) och stod sig till 1985 d\u00e5 det v\u00e4rldsrekordet f\u00f6rsvann till Danmark, men bara f\u00f6r en kort stund![\/vc_column_text][\/vc_column][\/vc_row][vc_row][vc_column width=&#8221;1\/1&#8243;][vc_empty_space height=&#8221;32px&#8221;][\/vc_column][\/vc_row][vc_row][vc_column width=&#8221;1\/4&#8243;][vc_empty_space height=&#8221;32px&#8221;][vc_column_text]<img decoding=\"async\" loading=\"lazy\" class=\"alignnone size-full wp-image-93\" src=\"http:\/\/www.emsherrgard.se\/\/wp-content\/uploads\/2015\/03\/Prins-wilhelm.jpg\" alt=\"Prins-wilhelm\" width=\"200\" height=\"147\" \/>[\/vc_column_text][\/vc_column][vc_column width=&#8221;3\/4&#8243;][vc_column_text]<b>Kungligheter p\u00e5 Em<\/b><br \/>\n\u00c4ven kungligheter har varit regelbundna g\u00e4ster p\u00e5 Ems Herrg\u00e5rd och dess sportfiske. Den f\u00f6rste var Prins Gustaf Adolf av Sverige, far till nuvarande kungen. Han var god v\u00e4n till Gustaf Ulfsparre via kavalleritj\u00e4nstg\u00f6ring i Eksj\u00f6 och var p\u00e5 Em f\u00f6rsta g\u00e5ngen under v\u00e5rfisket 1926. Han gav d\u00e5 Gustaf id\u00e9n till att ordna \u201dPaying Guest-fisket\u201d och lovade att skicka hit n\u00e5gra engelsm\u00e4n h\u00f6sten samma \u00e5r.<\/p>\n<p>Prinsen g\u00e4stade Em ytterligare tv\u00e5 \u00e5r, 1927 och 1931.<br \/>\nPrins Axel av Danmark och prins Wilhelm av Sverige var tv\u00e5 mycket frekventa fiskeg\u00e4ster p\u00e5 Em. Prins Axel b\u00f6rjade fiska p\u00e5 Em 1935. Sedan \u00e5terkom han \u00e5rligen till mitten av 50-talet.<\/p>\n<p>Prins Wilhelm kom till Em f\u00f6rsta g\u00e5ngen 1942 och \u00e5terkom v\u00e5r som h\u00f6st fram till mitten av 60-talet. Prinsen \u00e4r f\u00f6rmodligen den som har mest fiskedagar p\u00e5 Em.<\/p>\n<p>Prins Bertil av Sverige g\u00e4stade Em en g\u00e5ng under v\u00e5rfisket 1937. Ekot efter prinsens missn\u00f6je med att efter 40 minuters h\u00e5rd kamp tappa en mycket storfisk i Barret Pool, h\u00f6rs fortfarande utmed Em\u00e5ns str\u00e4nder.<\/p>\n<p>Exkung Michael av Rum\u00e4nien fiskade h\u00e4r 1949 tillsammans med sin drottning Ann. Hon var dotter till Prins Axel, som tog med dem hit vid ett av hans fisken.<\/p>\n<p>V\u00e5r f\u00f6rre kung, kung Gustaf VI Adolf g\u00e4stade Em tv\u00e5 g\u00e5nger. F\u00f6rsta g\u00e5ngen som kronprins 1944 och andra g\u00e5ngen som Sveriges konung 1956.<\/p>\n<p>Att v\u00e5r nuvarande kung har ett brinnande intresse f\u00f6r fiske \u00e4r allm\u00e4nt k\u00e4nt. Kung Carl XVI Gustaf har dock bara g\u00e4stat oss en g\u00e5ng, det var under v\u00e5rfisket 1974.[\/vc_column_text][\/vc_column][\/vc_row][vc_row][vc_column width=&#8221;1\/1&#8243;][vc_empty_space height=&#8221;32px&#8221;][\/vc_column][\/vc_row][vc_row][vc_column width=&#8221;1\/1&#8243;][vc_column_text]<img decoding=\"async\" loading=\"lazy\" class=\" size-full wp-image-107 aligncenter\" src=\"http:\/\/www.emsherrgard.se\/\/wp-content\/uploads\/2015\/03\/2.jpg\" alt=\"2\" width=\"250\" height=\"211\" \/>[\/vc_column_text][\/vc_column][\/vc_row]<\/p>\n","protected":false},"excerpt":{"rendered":"<p>[vc_row][vc_column width=&#8221;1\/4&#8243;][vc_column_text][\/vc_column_text][vc_column_text][\/vc_column_text][\/vc_column][vc_column width=&#8221;3\/4&#8243;][vc_column_text]Den som kanske ska r\u00e4knas som den mest k\u00e4nda av alla Emfiskare \u00e4r Gustaf Ulfsparre som har utvecklat sportfisket under 1900 talet.Fr\u00e5n 1924 arrenderade han fisket (sportfisket) av Ems fastighetsbolag fram till sin d\u00f6d 1987.K\u00e4nda flugm\u00f6nster Gustaf l\u00e4mnade efter sig var bl.a. &#8221;Bacchus&#8221; bunden och uppkallad efter familjens tax. Den kanske mest k\u00e4nda&hellip;<\/p>\n","protected":false},"author":1,"featured_media":0,"parent":0,"menu_order":0,"comment_status":"open","ping_status":"open","template":"","meta":[],"_links":{"self":[{"href":"https:\/\/www.emsherrgard.se\/index.php?rest_route=\/wp\/v2\/pages\/31"}],"collection":[{"href":"https:\/\/www.emsherrgard.se\/index.php?rest_route=\/wp\/v2\/pages"}],"about":[{"href":"https:\/\/www.emsherrgard.se\/index.php?rest_route=\/wp\/v2\/types\/page"}],"author":[{"embeddable":true,"href":"https:\/\/www.emsherrgard.se\/index.php?rest_route=\/wp\/v2\/users\/1"}],"replies":[{"embeddable":true,"href":"https:\/\/www.emsherrgard.se\/index.php?rest_route=%2Fwp%2Fv2%2Fcomments&post=31"}],"version-history":[{"count":19,"href":"https:\/\/www.emsherrgard.se\/index.php?rest_route=\/wp\/v2\/pages\/31\/revisions"}],"predecessor-version":[{"id":1264,"href":"https:\/\/www.emsherrgard.se\/index.php?rest_route=\/wp\/v2\/pages\/31\/revisions\/1264"}],"wp:attachment":[{"href":"https:\/\/www.emsherrgard.se\/index.php?rest_route=%2Fwp%2Fv2%2Fmedia&parent=31"}],"curies":[{"name":"wp","href":"https:\/\/api.w.org\/{rel}","templated":true}]}}