{"id":29,"date":"2015-03-19T12:08:41","date_gmt":"2015-03-19T12:08:41","guid":{"rendered":"http:\/\/www.emsherrgard.se\/wp\/?page_id=29"},"modified":"2026-04-06T12:28:35","modified_gmt":"2026-04-06T12:28:35","slug":"lediga-fiskeplatser","status":"publish","type":"page","link":"https:\/\/www.emsherrgard.se\/?page_id=29","title":{"rendered":"Lediga fiskeplatser"},"content":{"rendered":"<h2>Lediga fiskeplatser<\/h2>\n<p>Fisket p\u00e5 Em \u00e4r ofta bokat av\u00a0\u00e5terkommande g\u00e4ster. Ibland kan dock \u00e5terbud eller dylikt g\u00f6ra att lediga fiskeplatser uppkommer med kort varsel. Dessa kan d\u00e5 bokas direkt via Fiskekontoret p\u00e5 telefon 070-5478616 eller via e-post: info@emsherrgard.com F\u00f6rst till kvarn g\u00e4ller.<\/p>\n<table style=\"height: 330px;\" width=\"197\">\n<tbody>\n<tr>\n<td width=\"230\">\n<p style=\"text-align: center;\"><strong>Datum<\/strong><\/p>\n<\/td>\n<td width=\"230\">\n<p style=\"text-align: center;\"><strong>Antal platser<\/strong><\/p>\n<\/td>\n<\/tr>\n<tr>\n<td style=\"text-align: center;\" width=\"230\">0<\/td>\n<td width=\"230\">\n<p style=\"text-align: center;\">0<\/p>\n<\/td>\n<\/tr>\n<tr>\n<td style=\"text-align: center;\" width=\"230\">0<\/td>\n<td width=\"230\">\n<p style=\"text-align: center;\">0<\/p>\n<\/td>\n<\/tr>\n<tr>\n<td width=\"230\">\n<p style=\"text-align: center;\">0<\/p>\n<\/td>\n<td style=\"text-align: center;\" width=\"230\">0<\/td>\n<\/tr>\n<tr>\n<td width=\"230\">\n<p style=\"text-align: center;\">0<\/p>\n<\/td>\n<td width=\"230\">\n<p style=\"text-align: center;\">0<\/p>\n<\/td>\n<\/tr>\n<tr>\n<td width=\"230\">\n<p style=\"text-align: center;\">0<\/p>\n<\/td>\n<td width=\"230\">\n<p style=\"text-align: center;\">0<\/p>\n<\/td>\n<\/tr>\n<tr>\n<td width=\"230\">\n<p style=\"text-align: center;\">0<\/p>\n<\/td>\n<td width=\"230\">\n<p style=\"text-align: center;\">0<\/p>\n<\/td>\n<\/tr>\n<tr>\n<td width=\"230\">\n<p style=\"text-align: center;\">0<\/p>\n<\/td>\n<td width=\"230\">\n<p style=\"text-align: center;\">0<\/p>\n<\/td>\n<\/tr>\n<\/tbody>\n<\/table>\n","protected":false},"excerpt":{"rendered":"<p>Lediga fiskeplatser Fisket p\u00e5 Em \u00e4r ofta bokat av\u00a0\u00e5terkommande g\u00e4ster. Ibland kan dock \u00e5terbud eller dylikt g\u00f6ra att lediga fiskeplatser uppkommer med kort varsel. Dessa kan d\u00e5 bokas direkt via Fiskekontoret p\u00e5 telefon 070-5478616 eller via e-post: info@emsherrgard.com F\u00f6rst till kvarn g\u00e4ller. Datum Antal platser 0 0 0 0 0 0 0 0 0 0&hellip;<\/p>\n","protected":false},"author":1,"featured_media":0,"parent":8,"menu_order":0,"comment_status":"open","ping_status":"open","template":"","meta":[],"_links":{"self":[{"href":"https:\/\/www.emsherrgard.se\/index.php?rest_route=\/wp\/v2\/pages\/29"}],"collection":[{"href":"https:\/\/www.emsherrgard.se\/index.php?rest_route=\/wp\/v2\/pages"}],"about":[{"href":"https:\/\/www.emsherrgard.se\/index.php?rest_route=\/wp\/v2\/types\/page"}],"author":[{"embeddable":true,"href":"https:\/\/www.emsherrgard.se\/index.php?rest_route=\/wp\/v2\/users\/1"}],"replies":[{"embeddable":true,"href":"https:\/\/www.emsherrgard.se\/index.php?rest_route=%2Fwp%2Fv2%2Fcomments&post=29"}],"version-history":[{"count":624,"href":"https:\/\/www.emsherrgard.se\/index.php?rest_route=\/wp\/v2\/pages\/29\/revisions"}],"predecessor-version":[{"id":1906,"href":"https:\/\/www.emsherrgard.se\/index.php?rest_route=\/wp\/v2\/pages\/29\/revisions\/1906"}],"up":[{"embeddable":true,"href":"https:\/\/www.emsherrgard.se\/index.php?rest_route=\/wp\/v2\/pages\/8"}],"wp:attachment":[{"href":"https:\/\/www.emsherrgard.se\/index.php?rest_route=%2Fwp%2Fv2%2Fmedia&parent=29"}],"curies":[{"name":"wp","href":"https:\/\/api.w.org\/{rel}","templated":true}]}}