{"id":25,"date":"2015-03-19T12:07:43","date_gmt":"2015-03-19T12:07:43","guid":{"rendered":"http:\/\/www.emsherrgard.se\/wp\/?page_id=25"},"modified":"2022-03-10T14:06:18","modified_gmt":"2022-03-10T14:06:18","slug":"vattenforingen","status":"publish","type":"page","link":"https:\/\/www.emsherrgard.se\/?page_id=25","title":{"rendered":"Vattenf\u00f6ringen"},"content":{"rendered":"<h2>Om vattenf\u00f6ringen<\/h2>\n<p>Aktuellt vattenfl\u00f6de har vi h\u00e4mtat fr\u00e5n SMHI. Uppgifterna kommer fr\u00e5n Emsfors som ligger n\u00e5gra kilometer uppstr\u00f6ms fr\u00e5n Ems Herrg\u00e5rd.<\/p>\n<p><a href=\"https:\/\/www.smhi.se\/vader\/observationer\/observationer#ws=wpt-a,proxy=wpt-a,tab=all,stationid=20002,type=water\">https:\/\/www.smhi.se\/vader\/observationer\/observationer#ws=wpt-a,proxy=wpt-a,tab=all,stationid=20002,type=water<\/a><\/p>\n","protected":false},"excerpt":{"rendered":"<p>Om vattenf\u00f6ringen Aktuellt vattenfl\u00f6de har vi h\u00e4mtat fr\u00e5n SMHI. Uppgifterna kommer fr\u00e5n Emsfors som ligger n\u00e5gra kilometer uppstr\u00f6ms fr\u00e5n Ems Herrg\u00e5rd. https:\/\/www.smhi.se\/vader\/observationer\/observationer#ws=wpt-a,proxy=wpt-a,tab=all,stationid=20002,type=water<\/p>\n","protected":false},"author":1,"featured_media":0,"parent":8,"menu_order":0,"comment_status":"open","ping_status":"open","template":"","meta":[],"_links":{"self":[{"href":"https:\/\/www.emsherrgard.se\/index.php?rest_route=\/wp\/v2\/pages\/25"}],"collection":[{"href":"https:\/\/www.emsherrgard.se\/index.php?rest_route=\/wp\/v2\/pages"}],"about":[{"href":"https:\/\/www.emsherrgard.se\/index.php?rest_route=\/wp\/v2\/types\/page"}],"author":[{"embeddable":true,"href":"https:\/\/www.emsherrgard.se\/index.php?rest_route=\/wp\/v2\/users\/1"}],"replies":[{"embeddable":true,"href":"https:\/\/www.emsherrgard.se\/index.php?rest_route=%2Fwp%2Fv2%2Fcomments&post=25"}],"version-history":[{"count":5,"href":"https:\/\/www.emsherrgard.se\/index.php?rest_route=\/wp\/v2\/pages\/25\/revisions"}],"predecessor-version":[{"id":1601,"href":"https:\/\/www.emsherrgard.se\/index.php?rest_route=\/wp\/v2\/pages\/25\/revisions\/1601"}],"up":[{"embeddable":true,"href":"https:\/\/www.emsherrgard.se\/index.php?rest_route=\/wp\/v2\/pages\/8"}],"wp:attachment":[{"href":"https:\/\/www.emsherrgard.se\/index.php?rest_route=%2Fwp%2Fv2%2Fmedia&parent=25"}],"curies":[{"name":"wp","href":"https:\/\/api.w.org\/{rel}","templated":true}]}}