{"id":23,"date":"2015-03-19T12:06:42","date_gmt":"2015-03-19T12:06:42","guid":{"rendered":"http:\/\/www.emsherrgard.se\/wp\/?page_id=23"},"modified":"2018-05-28T06:53:29","modified_gmt":"2018-05-28T06:53:29","slug":"bokning","status":"publish","type":"page","link":"https:\/\/www.emsherrgard.se\/?page_id=23","title":{"rendered":"Bokning"},"content":{"rendered":"<h2>Om Bokning<img decoding=\"async\" class=\" alignright\" src=\"http:\/\/www.emsherrgard.se\/media\/me\/13.jpg\" alt=\"\" border=\"0\" \/><\/h2>\n<p>Skulle du vilja komma och fiska hos oss m\u00e5ste du ans\u00f6ka skriftligen via brev eller e-post. En ans\u00f6kan ska inneh\u00e5lla namn och adress, samt \u00f6nskad fiskeperiod. Ans\u00f6kan b\u00f6r vara oss tillhanda senast <strong>1 februari<\/strong> f\u00f6r v\u00e5rfiske och senast <strong>1 juni<\/strong> om den g\u00e4ller h\u00f6stfiske.<br \/>\nDe som fiskat l\u00e4ngst och mest har f\u00f6rtur till sina \u00f6nskem\u00e5l. Adressen till oss hittar du under Kontakt i menyn till v\u00e4nster.<\/p>\n","protected":false},"excerpt":{"rendered":"<p>Om Bokning Skulle du vilja komma och fiska hos oss m\u00e5ste du ans\u00f6ka skriftligen via brev eller e-post. En ans\u00f6kan ska inneh\u00e5lla namn och adress, samt \u00f6nskad fiskeperiod. Ans\u00f6kan b\u00f6r vara oss tillhanda senast 1 februari f\u00f6r v\u00e5rfiske och senast 1 juni om den g\u00e4ller h\u00f6stfiske. De som fiskat l\u00e4ngst och mest har f\u00f6rtur till&hellip;<\/p>\n","protected":false},"author":1,"featured_media":0,"parent":8,"menu_order":0,"comment_status":"open","ping_status":"open","template":"","meta":[],"_links":{"self":[{"href":"https:\/\/www.emsherrgard.se\/index.php?rest_route=\/wp\/v2\/pages\/23"}],"collection":[{"href":"https:\/\/www.emsherrgard.se\/index.php?rest_route=\/wp\/v2\/pages"}],"about":[{"href":"https:\/\/www.emsherrgard.se\/index.php?rest_route=\/wp\/v2\/types\/page"}],"author":[{"embeddable":true,"href":"https:\/\/www.emsherrgard.se\/index.php?rest_route=\/wp\/v2\/users\/1"}],"replies":[{"embeddable":true,"href":"https:\/\/www.emsherrgard.se\/index.php?rest_route=%2Fwp%2Fv2%2Fcomments&post=23"}],"version-history":[{"count":7,"href":"https:\/\/www.emsherrgard.se\/index.php?rest_route=\/wp\/v2\/pages\/23\/revisions"}],"predecessor-version":[{"id":1200,"href":"https:\/\/www.emsherrgard.se\/index.php?rest_route=\/wp\/v2\/pages\/23\/revisions\/1200"}],"up":[{"embeddable":true,"href":"https:\/\/www.emsherrgard.se\/index.php?rest_route=\/wp\/v2\/pages\/8"}],"wp:attachment":[{"href":"https:\/\/www.emsherrgard.se\/index.php?rest_route=%2Fwp%2Fv2%2Fmedia&parent=23"}],"curies":[{"name":"wp","href":"https:\/\/api.w.org\/{rel}","templated":true}]}}