{"id":21,"date":"2015-03-19T12:06:18","date_gmt":"2015-03-19T12:06:18","guid":{"rendered":"http:\/\/www.emsherrgard.se\/wp\/?page_id=21"},"modified":"2021-04-26T14:53:08","modified_gmt":"2021-04-26T14:53:08","slug":"giude","status":"publish","type":"page","link":"https:\/\/www.emsherrgard.se\/?page_id=21","title":{"rendered":"Guide"},"content":{"rendered":"<h2><img decoding=\"async\" loading=\"lazy\" class=\" size-full wp-image-109 alignright\" src=\"http:\/\/www.emsherrgard.se\/\/wp-content\/uploads\/2015\/03\/4.jpg\" alt=\"4\" width=\"250\" height=\"178\" \/>Guide<\/h2>\n<p>Vi erbjuder v\u00e5ra g\u00e4ster m\u00f6jlighet till en personlig fiskeguide under vistelsen p\u00e5 Em.<\/p>\n<p>Guiden har l\u00e5ng erfarenhet b\u00e5de fr\u00e5n Em\u00e5n s\u00e5v\u00e4l som andra vatten och \u00e4r behj\u00e4lplig med allt fr\u00e5n flugval, anpassning av redskapen och kastinstruktioner till planering av fiskestrategin, genomg\u00e5ng av poolerna och lokalisering av fiskens st\u00e5ndplatser vid det aktuella vattenst\u00e5ndet.<\/p>\n<p>Guidning erbjuds mot avgift per timme och f\u00f6rbokas genom Fiskekontoret.<\/p>\n","protected":false},"excerpt":{"rendered":"<p>Guide Vi erbjuder v\u00e5ra g\u00e4ster m\u00f6jlighet till en personlig fiskeguide under vistelsen p\u00e5 Em. Guiden har l\u00e5ng erfarenhet b\u00e5de fr\u00e5n Em\u00e5n s\u00e5v\u00e4l som andra vatten och \u00e4r behj\u00e4lplig med allt fr\u00e5n flugval, anpassning av redskapen och kastinstruktioner till planering av fiskestrategin, genomg\u00e5ng av poolerna och lokalisering av fiskens st\u00e5ndplatser vid det aktuella vattenst\u00e5ndet. Guidning erbjuds&hellip;<\/p>\n","protected":false},"author":1,"featured_media":0,"parent":8,"menu_order":0,"comment_status":"open","ping_status":"open","template":"","meta":[],"_links":{"self":[{"href":"https:\/\/www.emsherrgard.se\/index.php?rest_route=\/wp\/v2\/pages\/21"}],"collection":[{"href":"https:\/\/www.emsherrgard.se\/index.php?rest_route=\/wp\/v2\/pages"}],"about":[{"href":"https:\/\/www.emsherrgard.se\/index.php?rest_route=\/wp\/v2\/types\/page"}],"author":[{"embeddable":true,"href":"https:\/\/www.emsherrgard.se\/index.php?rest_route=\/wp\/v2\/users\/1"}],"replies":[{"embeddable":true,"href":"https:\/\/www.emsherrgard.se\/index.php?rest_route=%2Fwp%2Fv2%2Fcomments&post=21"}],"version-history":[{"count":10,"href":"https:\/\/www.emsherrgard.se\/index.php?rest_route=\/wp\/v2\/pages\/21\/revisions"}],"predecessor-version":[{"id":1531,"href":"https:\/\/www.emsherrgard.se\/index.php?rest_route=\/wp\/v2\/pages\/21\/revisions\/1531"}],"up":[{"embeddable":true,"href":"https:\/\/www.emsherrgard.se\/index.php?rest_route=\/wp\/v2\/pages\/8"}],"wp:attachment":[{"href":"https:\/\/www.emsherrgard.se\/index.php?rest_route=%2Fwp%2Fv2%2Fmedia&parent=21"}],"curies":[{"name":"wp","href":"https:\/\/api.w.org\/{rel}","templated":true}]}}