{"id":17,"date":"2015-03-19T12:05:09","date_gmt":"2015-03-19T12:05:09","guid":{"rendered":"http:\/\/www.emsherrgard.se\/wp\/?page_id=17"},"modified":"2020-03-25T13:22:45","modified_gmt":"2020-03-25T13:22:45","slug":"om-fiskvard","status":"publish","type":"page","link":"https:\/\/www.emsherrgard.se\/?page_id=17","title":{"rendered":"Biotopv\u00e5rd"},"content":{"rendered":"<p>[vc_row][vc_column][vc_column_text]<\/p>\n<h2>Om Biotopv\u00e5rd<\/h2>\n<p>Fisken i Em\u00e5n \u00e4r vild och h\u00e4rstammar fr\u00e5n naturlig reproduktion. Varje \u00e5r utf\u00f6r vi p\u00e5 Em omfattande biotopv\u00e5rdsarbeten i form av rensning av lekbottnar, r\u00f6jning av vass, f\u00f6rb\u00e4ttrande av lek- och uppv\u00e4xtmilj\u00f6er etc. Arbetet utf\u00f6rs mest med handkraft (hacka och spade), men \u00e4ven med en specialtillverkad motorspruta f\u00f6r riktigt igenv\u00e4xta omr\u00e5den. \u00a0<img decoding=\"async\" loading=\"lazy\" src=\"http:\/\/www.emsherrgard.se\/\/wp-content\/uploads\/2015\/03\/7_skradare.jpg\" alt=\"\" width=\"91\" height=\"70\" align=\"right\" border=\"0\" hspace=\"20\" \/><\/p>\n<p>&nbsp;<\/p>\n<p><img decoding=\"async\" loading=\"lazy\" class=\"alignnone size-full wp-image-106\" src=\"http:\/\/www.emsherrgard.se\/\/wp-content\/uploads\/2015\/03\/1.jpg\" alt=\"1\" width=\"500\" height=\"290\" srcset=\"https:\/\/www.emsherrgard.se\/wp-content\/uploads\/2015\/03\/1.jpg 500w, https:\/\/www.emsherrgard.se\/wp-content\/uploads\/2015\/03\/1-300x174.jpg 300w\" sizes=\"(max-width: 500px) 100vw, 500px\" \/>[\/vc_column_text][\/vc_column][\/vc_row][vc_row][vc_column][vc_video link=&#8221;https:\/\/youtu.be\/FjUsiy8X0dc&#8221;][\/vc_column][\/vc_row]<\/p>\n","protected":false},"excerpt":{"rendered":"<p>[vc_row][vc_column][vc_column_text] Om Biotopv\u00e5rd Fisken i Em\u00e5n \u00e4r vild och h\u00e4rstammar fr\u00e5n naturlig reproduktion. Varje \u00e5r utf\u00f6r vi p\u00e5 Em omfattande biotopv\u00e5rdsarbeten i form av rensning av lekbottnar, r\u00f6jning av vass, f\u00f6rb\u00e4ttrande av lek- och uppv\u00e4xtmilj\u00f6er etc. Arbetet utf\u00f6rs mest med handkraft (hacka och spade), men \u00e4ven med en specialtillverkad motorspruta f\u00f6r riktigt igenv\u00e4xta omr\u00e5den. \u00a0&hellip;<\/p>\n","protected":false},"author":1,"featured_media":0,"parent":8,"menu_order":0,"comment_status":"open","ping_status":"open","template":"","meta":[],"_links":{"self":[{"href":"https:\/\/www.emsherrgard.se\/index.php?rest_route=\/wp\/v2\/pages\/17"}],"collection":[{"href":"https:\/\/www.emsherrgard.se\/index.php?rest_route=\/wp\/v2\/pages"}],"about":[{"href":"https:\/\/www.emsherrgard.se\/index.php?rest_route=\/wp\/v2\/types\/page"}],"author":[{"embeddable":true,"href":"https:\/\/www.emsherrgard.se\/index.php?rest_route=\/wp\/v2\/users\/1"}],"replies":[{"embeddable":true,"href":"https:\/\/www.emsherrgard.se\/index.php?rest_route=%2Fwp%2Fv2%2Fcomments&post=17"}],"version-history":[{"count":6,"href":"https:\/\/www.emsherrgard.se\/index.php?rest_route=\/wp\/v2\/pages\/17\/revisions"}],"predecessor-version":[{"id":1388,"href":"https:\/\/www.emsherrgard.se\/index.php?rest_route=\/wp\/v2\/pages\/17\/revisions\/1388"}],"up":[{"embeddable":true,"href":"https:\/\/www.emsherrgard.se\/index.php?rest_route=\/wp\/v2\/pages\/8"}],"wp:attachment":[{"href":"https:\/\/www.emsherrgard.se\/index.php?rest_route=%2Fwp%2Fv2%2Fmedia&parent=17"}],"curies":[{"name":"wp","href":"https:\/\/api.w.org\/{rel}","templated":true}]}}