{"id":13,"date":"2015-03-19T12:02:08","date_gmt":"2015-03-19T12:02:08","guid":{"rendered":"http:\/\/www.emsherrgard.se\/wp\/?page_id=13"},"modified":"2018-04-06T15:05:10","modified_gmt":"2018-04-06T15:05:10","slug":"fisken","status":"publish","type":"page","link":"https:\/\/www.emsherrgard.se\/?page_id=13","title":{"rendered":"Fisken"},"content":{"rendered":"<h2>Fisk i Em\u00e5n<\/h2>\n<p><img decoding=\"async\" loading=\"lazy\" class=\"alignnone size-full wp-image-124\" src=\"http:\/\/www.emsherrgard.se\/\/wp-content\/uploads\/2015\/03\/18_lax_lek_drakt_ny.jpg\" alt=\"18_lax_lek_drakt_ny\" width=\"176\" height=\"66\" \/><a class=\"dt-single-image\" href=\"http:\/\/www.emsherrgard.se\/\/wp-content\/uploads\/2015\/03\/18_havsoring.jpg\" data-dt-img-description=\"\"><img decoding=\"async\" loading=\"lazy\" class=\"alignnone size-full wp-image-123\" src=\"http:\/\/www.emsherrgard.se\/\/wp-content\/uploads\/2015\/03\/18_havsoring.jpg\" alt=\"18_havsoring\" width=\"200\" height=\"66\" \/><\/a><\/p>\n<p><b>Mal <\/b><br \/>\nMalen \u00e4r fridlyst och finns endast i ett f\u00e5tal vatten i Sverige, bland annat i Em\u00e5ns vattenssystem. Malen \u00e4r Sveriges st\u00f6rsta s\u00f6tvattenfisk och kan bli \u00f6ver tv\u00e5 meter l\u00e5ng och v\u00e4ga en bra bit \u00f6ver 100 kg. Den \u00e4r en mycket station\u00e4r fisk och lever i stort s\u00e4tt hela sitt liv i samma \u201dh\u00e5la\u201d. Den st\u00f6rsta sp\u00f6f\u00e5ngade malen p\u00e5 Ems herrg\u00e5rds vatten f\u00e5ngades av Evert Rundblad 1981 i Mill Pool och v\u00e4gde 60,1 kg. Oskars mal g\u00e4ller \u00e4n i dag som svenskt rekord.<\/p>\n<p><b>Havs\u00f6ring (Salmo Trutta)<\/b><br \/>\nHavs\u00f6ringen stiger fr\u00e5n havet till \u00e5n under juni till oktober f\u00f6r lek. Efter leken stannar \u00f6ringen kvar i \u00e5n \u00f6ver vintern, f\u00f6r att f\u00f6ljande v\u00e5r \u00e5ter s\u00f6ka sig ut i havet. Rommen kl\u00e4cks i m\u00e5nadsskiftet april-maj. Ynglen stannar i \u00e5n ett till tv\u00e5 \u00e5r innan de simmar ut i havet f\u00f6r att v\u00e4xa till sig. Efter ett till tre \u00e5r i havet \u00e5terkommer havs\u00f6ringen f\u00f6r lek och cirkeln \u00e4r sluten. Em\u00e5ns havs\u00f6ringar anses ha v\u00e4rldens h\u00f6gsta medelvikt och de st\u00f6rsta exemplaren kan v\u00e4ga upp emot ca 15 kg.<\/p>\n<p><b>Lax (Salmo Salar)<\/b><br \/>\nLaxen stiger n\u00e5got tidigare \u00e4n vad havs\u00f6ringen g\u00f6r, n\u00e4mligen fr\u00e5n maj till b\u00f6rjan av augusti. Efter leken d\u00f6r de flesta hanarna samt \u00e4ven en del honor. \u00d6stersj\u00f6laxen, som Em\u00e5ns laxar tillh\u00f6r, \u00e4r mycket storvuxen och kan n\u00e5 vikter p\u00e5 \u00f6ver 30 kg. Medelvikten ligger p\u00e5 ca 10 kg.<\/p>\n","protected":false},"excerpt":{"rendered":"<p>Fisk i Em\u00e5n Mal Malen \u00e4r fridlyst och finns endast i ett f\u00e5tal vatten i Sverige, bland annat i Em\u00e5ns vattenssystem. Malen \u00e4r Sveriges st\u00f6rsta s\u00f6tvattenfisk och kan bli \u00f6ver tv\u00e5 meter l\u00e5ng och v\u00e4ga en bra bit \u00f6ver 100 kg. Den \u00e4r en mycket station\u00e4r fisk och lever i stort s\u00e4tt hela sitt liv&hellip;<\/p>\n","protected":false},"author":1,"featured_media":0,"parent":8,"menu_order":0,"comment_status":"open","ping_status":"open","template":"","meta":[],"_links":{"self":[{"href":"https:\/\/www.emsherrgard.se\/index.php?rest_route=\/wp\/v2\/pages\/13"}],"collection":[{"href":"https:\/\/www.emsherrgard.se\/index.php?rest_route=\/wp\/v2\/pages"}],"about":[{"href":"https:\/\/www.emsherrgard.se\/index.php?rest_route=\/wp\/v2\/types\/page"}],"author":[{"embeddable":true,"href":"https:\/\/www.emsherrgard.se\/index.php?rest_route=\/wp\/v2\/users\/1"}],"replies":[{"embeddable":true,"href":"https:\/\/www.emsherrgard.se\/index.php?rest_route=%2Fwp%2Fv2%2Fcomments&post=13"}],"version-history":[{"count":4,"href":"https:\/\/www.emsherrgard.se\/index.php?rest_route=\/wp\/v2\/pages\/13\/revisions"}],"predecessor-version":[{"id":1169,"href":"https:\/\/www.emsherrgard.se\/index.php?rest_route=\/wp\/v2\/pages\/13\/revisions\/1169"}],"up":[{"embeddable":true,"href":"https:\/\/www.emsherrgard.se\/index.php?rest_route=\/wp\/v2\/pages\/8"}],"wp:attachment":[{"href":"https:\/\/www.emsherrgard.se\/index.php?rest_route=%2Fwp%2Fv2%2Fmedia&parent=13"}],"curies":[{"name":"wp","href":"https:\/\/api.w.org\/{rel}","templated":true}]}}