{"id":10,"date":"2015-03-19T12:01:29","date_gmt":"2015-03-19T12:01:29","guid":{"rendered":"http:\/\/www.emsherrgard.se\/wp\/?page_id=10"},"modified":"2015-03-23T09:21:43","modified_gmt":"2015-03-23T09:21:43","slug":"10-2","status":"publish","type":"page","link":"https:\/\/www.emsherrgard.se\/?page_id=10","title":{"rendered":"Poolerna"},"content":{"rendered":"<h2><img decoding=\"async\" loading=\"lazy\" class=\" size-full wp-image-130 alignleft\" src=\"http:\/\/www.emsherrgard.se\/\/wp-content\/uploads\/2015\/03\/20_stor.jpg\" alt=\"20_stor\" width=\"361\" height=\"650\" srcset=\"https:\/\/www.emsherrgard.se\/wp-content\/uploads\/2015\/03\/20_stor.jpg 361w, https:\/\/www.emsherrgard.se\/wp-content\/uploads\/2015\/03\/20_stor-167x300.jpg 167w\" sizes=\"(max-width: 361px) 100vw, 361px\" \/>Om poolerna<\/h2>\n<p>Ems pooler \u00e4r en flugfiskares dr\u00f6m! Det finns forsnackar, h\u00e4rliga stryk, underbara str\u00f6mmar, sk\u00f6na kl\u00e4mmen och f\u00f6r att inte tala om hur det k\u00e4nns att fiska fluga 100 meter ute i havet, p\u00e5 drift!<\/p>\n","protected":false},"excerpt":{"rendered":"<p>Om poolerna Ems pooler \u00e4r en flugfiskares dr\u00f6m! Det finns forsnackar, h\u00e4rliga stryk, underbara str\u00f6mmar, sk\u00f6na kl\u00e4mmen och f\u00f6r att inte tala om hur det k\u00e4nns att fiska fluga 100 meter ute i havet, p\u00e5 drift!<\/p>\n","protected":false},"author":1,"featured_media":0,"parent":8,"menu_order":0,"comment_status":"open","ping_status":"open","template":"","meta":[],"_links":{"self":[{"href":"https:\/\/www.emsherrgard.se\/index.php?rest_route=\/wp\/v2\/pages\/10"}],"collection":[{"href":"https:\/\/www.emsherrgard.se\/index.php?rest_route=\/wp\/v2\/pages"}],"about":[{"href":"https:\/\/www.emsherrgard.se\/index.php?rest_route=\/wp\/v2\/types\/page"}],"author":[{"embeddable":true,"href":"https:\/\/www.emsherrgard.se\/index.php?rest_route=\/wp\/v2\/users\/1"}],"replies":[{"embeddable":true,"href":"https:\/\/www.emsherrgard.se\/index.php?rest_route=%2Fwp%2Fv2%2Fcomments&post=10"}],"version-history":[{"count":6,"href":"https:\/\/www.emsherrgard.se\/index.php?rest_route=\/wp\/v2\/pages\/10\/revisions"}],"predecessor-version":[{"id":671,"href":"https:\/\/www.emsherrgard.se\/index.php?rest_route=\/wp\/v2\/pages\/10\/revisions\/671"}],"up":[{"embeddable":true,"href":"https:\/\/www.emsherrgard.se\/index.php?rest_route=\/wp\/v2\/pages\/8"}],"wp:attachment":[{"href":"https:\/\/www.emsherrgard.se\/index.php?rest_route=%2Fwp%2Fv2%2Fmedia&parent=10"}],"curies":[{"name":"wp","href":"https:\/\/api.w.org\/{rel}","templated":true}]}}